{"id":2742,"date":"2019-03-20T14:50:21","date_gmt":"2019-03-20T13:50:21","guid":{"rendered":"https:\/\/www.exploring-umbria.com\/la-cascata-delle-marmore\/"},"modified":"2020-01-14T11:13:40","modified_gmt":"2020-01-14T10:13:40","slug":"cascata-delle-marmore-marmorfall","status":"publish","type":"page","link":"https:\/\/www.exploring-umbria.com\/de\/entdecke-terni\/sehenswuerdigkeiten-in-terni\/cascata-delle-marmore-marmorfall\/","title":{"rendered":"Cascata delle Marmore (Marmorfall)"},"content":{"rendered":"<p><em>\u201eOrribilmente bella! ma sul margine, da una parte<\/em><\/p>\n<p><em>All&#8217;altra, sotto lo scintillante mattino, posa un&#8217;iride<\/em><\/p>\n<p><em>Tra gli infernali gorghi, simile alla Speranza presso<\/em><\/p>\n<p><em>Un letto di morte, e, inconsunta nelle sue fisse tinte,<\/em><\/p>\n<p><em>Mentre tutto l\u00e0 attorno \u00e8 dilaniato dalle acque<\/em><\/p>\n<p><em>Infuriate, innalza serenamente i suoi fulgidi colori<\/em><\/p>\n<p><em>Con tutti i loro raggi intatti, e sembra, tra l&#8217;orrore<\/em><\/p>\n<p><em>Della scena, l&#8217;Amore che sorveglia la Follia<\/em><\/p>\n<p><em>Con immutabile aspetto.\u201c<\/em><\/p>\n<p>&nbsp;<\/p>\n<p>Diese Worte Schrieb Lord Byron, einer der gr\u00f6\u00dften britischen Dichter, am Beginn des 19. Jahrhunderts in seinem <em>Childe Harold\u2019s Pilgrimage<\/em>, inspiriert von der Sch\u00f6nheit dieser umbrischen Besonderheit, die seit Jahrhunderten alle, die diesen Ort aufsuchen, in dem der Fluss Velino mit seinem gr\u00f6\u00dferen Bruder Nera zusammenflie\u00dft, in Erstaunen versetzt.<\/p>\n<p>Eine erschreckend mitrei\u00dfende Sch\u00f6nheit. Der Wasserfall <strong>Cascata delle Marmore<\/strong> kann als Rekord-Wasserfall angesehen werden. Mit seinen 165 Metern ist er der h\u00f6chste Wasserfall Europas und h\u00e4lt au\u00dferdem den Weltrekord des h\u00f6chsten k\u00fcnstlich angelegten Wasserfalls der Welt. Tats\u00e4chlich verbirgt das, was auf den ersten Blick ein Werk der Natur zu sein scheint, in seinem Inneren jahrhundertelange Ingenieursarbeit und technologische Forschung.<\/p>\n<p>Der Wasserfall wurde von den alten R\u00f6mern im 3. Jahrhundert v.Chr. buchst\u00e4blich kreiert. Sie errichteten n\u00e4mlich im Auftrag von Konsul <em>Curio Dentato<\/em> einen Kanal, der Cava Curiana genannt wird, um ein sumpfiges Gebiet zu entw\u00e4ssern und das Wasser in Richtung des nat\u00fcrlichen Gef\u00e4lles der Marmore zu leiten. Der Name f\u00fcr das Gebiet stammt wahrscheinlich von der Zusammensetzung der Felsen, aus denen es besteht. Sie sind wei\u00dfem Marmor sehr \u00e4hnlich und treten ausgedehnt unter der Waldoberfl\u00e4che, von der sie bedeckt sind, zutage. Die Cava Curiana und das Flusssystem, mit dem sie verbunden wurde, waren \u00fcber Jahrhunderte der Gegenstand von Konflikten zwischen den St\u00e4dten Reti und Terni. Dies ist auf die h\u00e4ufigen \u00dcberschwemmungen des Flusses Nera zur\u00fcckzuf\u00fchren, dessen Bett deutlich vergr\u00f6\u00dfert wurde, damit er nicht \u00fcber die Ufer trat. Die darauffolgenden \u00c4nderungen wurden einmal zugunsten der einen und einmal zugunsten der anderen Stadt vorgenommen, ohne das Problem dabei wirklich zu l\u00f6sen. Die Streitigkeiten verwandelten sich schnell in echte Kleinkriege, die die Einwohner Ternis dazu zwangen, eine Festung am Berg, die <strong>Rocca S. Angelo<\/strong>, zu errichten. Damit wurde sichergestellt, dass von den Gegnern aus Rieti keine \u00c4nderungen vorgenommen werden.<\/p>\n<p>Das Bett des Kanals vergr\u00f6\u00dferte sich inzwischen auf unkontrollierte Weise, wodurch ein Wasserfall von \u00fcberm\u00e4\u00dfiger Kraft in Vergleich zu dem, der heutzutage zu sehen ist, entstand. Viele versuchten das Problem zu l\u00f6sen, darunter auch <a href=\"https:\/\/de.wikipedia.org\/wiki\/Antonio_da_Sangallo_der_J%C3%BCngere\" target=\"_blank\" rel=\"noopener noreferrer\"><strong>Antonio da Sangallo der J\u00fcngere<\/strong><\/a>, einer der Architekten des Petersdoms. Er versuchte verschiedene L\u00f6sungsans\u00e4tze w\u00e4hrend seines Aufenthaltes in Terni zur Errichtung des <a href=\"https:\/\/www.exploring-umbria.com\/de\/subcategories\/cosa-fare-e-cosa-vedere-a-terni\/#heading2737\" target=\"_blank\" rel=\"noopener noreferrer\"><strong>Palazzo Spada<\/strong><\/a>. Es wurden weitere Abflusskan\u00e4le errichtet und die Tiefe der Cava Curiana wurde vergr\u00f6\u00dfert, aber nichts konnte die Gewalt des enormen Wasserstrahls, der im freien Fall das Becken des Flusses Nera erreichte, aufhalten. Nach der Errichtung mussten 2.000 Jahre vergehen, um das Problem l\u00f6sen zu k\u00f6nnen. Im Jahr 1787 gelang es dem Architekten Andrea Vici durch die Errichtung einer seitlichen Schleuse den Fallwinkel des letzten Wasserfalls zu \u00e4ndern, wodurch das \u201cWiederaufleben\u201d des Wasserstrahls eingestellt wurde. Dieses Ph\u00e4nomen wurde teilweise durch die schwierige Handhabung des hohen Wasserstandes des Flusses verursacht.<\/p>\n<p>Trotzdem musste die Kraft des Wasserstrahls noch immer beeindruckend gewesen sein, sodass sie Lord Byron erschrak und gleichzeitig beeindruckte. Er hatte den Wasserfall einige Jahrzehnte sp\u00e4ter besucht. Eine Kraft, die vom Schriftsteller mit der Kraft der Liebe verglichen wurde, die den Wahn \u00fcberwand.<\/p>\n<p>In den darauffolgenden Jahren wurde die Kraft des Wasserfalls mit der Industrialisierung ein weiteres Mal durch Wasserkraftwerke bes\u00e4nftigt. Diese Kraftwerke wurden errichtet, um der gro\u00dfen Nachfrage nach Energie der zahlreichen Fabriken und Werkst\u00e4tten, die sich bereits in der H\u00e4lfte des 19. Jahrhunderts im Gebiet ansiedelten, nachzukommen. Heute ist der Fluss der beiden Fl\u00fcsse vollst\u00e4ndig unter Kontrolle und Systeme zur Wasserregulierung haben die Gefahr hoher Wasserst\u00e4nde behoben. Aber das Wunder, das noch f\u00fchlbar ist, wenn man vor dem Wasserfall steht, ist unver\u00e4ndert geblieben. So ist nachvollziehbar warum Stendhal, ein weiterer der zahlreichen Literaten, die hierherkamen, um das Spektakel zu bestaunen und ein Zeugnis davon hinterlie\u00dfen, den Wasserfall als einen der sch\u00f6nsten der Welt bezeichnete.<\/p>\n<p>Von der unteren Plattform wird der Blick vom sch\u00e4umenden, herabfallenden Wasser eingenommen. Das Sichterlebnis ist komplex und spricht alle 5 Sinne an: Neben dem zauberhaften Ausblick, dem kontinuierlichen L\u00e4rm und dem Geruch von Wald und feuchter Vegetation, die den Wasserfall umgibt, zerschlagen die Kraft und die Geschwindigkeit das Wasser, das auf den Felsen trifft, sodass es zu Staub wird und einen sanften, luftigen Regen auf der Haut hinterl\u00e4sst. Wenn Sie den Wasserfall abends besuchen, garantiert Ihnen eine gekonnt installierte Beleuchtungsanlage einen zauberhaften Anblick des Wasserfalls.<\/p>\n<p>Der Ort, an dem sich der Wasserfall befindet, und der Touristen zu je nach Jahreszeit unterschiedlichen \u00d6ffnungszeiten zug\u00e4nglich ist, ist umgeben von Wanderwegen mit unterschiedlicher L\u00e4nge und unterschiedlichem Schwierigkeitsgrad, die die verschiedenen Aussichtspunkte miteinander verbinden \u2013 zum Beispiel das alte Observatorium an seiner herausragenden und sicheren Lage, das 1781 f\u00fcr die vorbeikommenden Wohlhabenden errichtet wurde. \u00dcber einige dieser Wege k\u00f6nnen Sie alle vier Stufen des Wasserfalls bis zum h\u00f6chsten Aussichtspunkt und zu den sogenannten Campacci erreichen. Bei den Campacci handelt es sich um weitl\u00e4ufige, von Kastanienb\u00e4umen ges\u00e4umte Felder, die auch Rast- und Campingpl\u00e4tze enthalten, von denen aus das Panorama genossen werden kann. Exploring Umbria bietet Ihnen die M\u00f6glichkeit, Naturexkursionen zu Fu\u00df oder mit dem Fahrrad in Begleitung erfahrener Guides oder abenteuerliche <a href=\"https:\/\/www.exploring-umbria.com\/de\/aktivitaten\/canyoning-in-umbria-valnerina\/\" target=\"_blank\" rel=\"noopener noreferrer\">Canyoning<\/a>&#8211; und <a href=\"https:\/\/www.exploring-umbria.com\/de\/aktivitaten\/intermediate-level-rafting-in-umbria-on-the-nera-river\/\" target=\"_blank\" rel=\"noopener noreferrer\">Raftingtouren<\/a> auf dem Fluss Nera zu buchen.<\/p>\n<p>Durch den Wasserfall ist in der Gegend ein besonderes \u00d6kosystem aus seltenen Pflanzen und Tieren entstanden, die in der n\u00e4heren Umgebung nicht zu finden sind. Das Wasser ist reich an Kalziumcarbonat und hat in Kombination mit der \u00e4u\u00dferst por\u00f6sen Stein Grotten im Inneren und in der N\u00e4he des Wasserfalls geformt, von denen einige besucht werden k\u00f6nnen. Wenn Sie entlang des Wasserfalls bis zum h\u00f6chsten Aussichtspunkt gelangen, k\u00f6nnen Sie von oben auch die Reste der Anschl\u00fcsse der Wasserkraftwerke und der H\u00f6hlen sehen, die im Laufe der Jahrhunderte errichtet wurden, um zu versuchen die Kraft eines Werkes, dessen Geschichte Natur und Kultur untrennbar miteinander vereint und von dem wir noch heute nicht glauben k\u00f6nnen, dass es aus Menschenhand stammt, einzud\u00e4mmen.<\/p>\n","protected":false},"excerpt":{"rendered":"<p>\u201eOrribilmente bella! ma sul margine, da una parte All&#8217;altra, sotto lo scintillante mattino, posa un&#8217;iride Tra gli infernali gorghi, simile alla Speranza presso Un letto di morte, e, inconsunta nelle sue fisse tinte, Mentre tutto l\u00e0 attorno \u00e8 dilaniato dalle acque Infuriate, innalza serenamente i suoi fulgidi colori Con tutti i loro raggi intatti, e [&hellip;]<\/p>\n","protected":false},"author":4,"featured_media":6017,"parent":2749,"menu_order":1,"comment_status":"closed","ping_status":"closed","template":"","meta":{"om_disable_all_campaigns":false,"_monsterinsights_skip_tracking":false,"_monsterinsights_sitenote_active":false,"_monsterinsights_sitenote_note":"","_monsterinsights_sitenote_category":0},"acf":[],"yoast_head":"<!-- This site is optimized with the Yoast SEO plugin v18.4.1 - https:\/\/yoast.com\/wordpress\/plugins\/seo\/ -->\n<title>Cascata delle Marmore (Marmorfall) - Exploring Umbria<\/title>\n<meta name=\"description\" content=\"\u201eOrribilmente bella! ma sul margine, da una parte All&#039;altra, sotto lo scintillante mattino, posa un&#039;iride Tra gli infernali gorghi, simile alla Speranza\" \/>\n<meta name=\"robots\" content=\"index, follow, max-snippet:-1, max-image-preview:large, max-video-preview:-1\" \/>\n<link rel=\"canonical\" href=\"https:\/\/www.exploring-umbria.com\/de\/entdecke-terni\/sehenswuerdigkeiten-in-terni\/cascata-delle-marmore-marmorfall\/\" \/>\n<meta property=\"og:locale\" content=\"de_DE\" \/>\n<meta property=\"og:type\" content=\"article\" \/>\n<meta property=\"og:title\" content=\"Cascata delle Marmore (Marmorfall) - Exploring Umbria\" \/>\n<meta property=\"og:description\" content=\"\u201eOrribilmente bella! ma sul margine, da una parte All&#039;altra, sotto lo scintillante mattino, posa un&#039;iride Tra gli infernali gorghi, simile alla Speranza\" \/>\n<meta property=\"og:url\" content=\"https:\/\/www.exploring-umbria.com\/de\/entdecke-terni\/sehenswuerdigkeiten-in-terni\/cascata-delle-marmore-marmorfall\/\" \/>\n<meta property=\"og:site_name\" content=\"Exploring Umbria\" \/>\n<meta property=\"article:publisher\" content=\"https:\/\/www.facebook.com\/exploringumbria\/\" \/>\n<meta property=\"article:modified_time\" content=\"2020-01-14T10:13:40+00:00\" \/>\n<meta property=\"og:image\" content=\"https:\/\/www.exploring-umbria.com\/wp-content\/uploads\/2019\/05\/CASCATE-DELLE-MARMORE-2.jpeg\" \/>\n\t<meta property=\"og:image:width\" content=\"2000\" \/>\n\t<meta property=\"og:image:height\" content=\"756\" \/>\n\t<meta property=\"og:image:type\" content=\"image\/jpeg\" \/>\n<meta name=\"twitter:card\" content=\"summary_large_image\" \/>\n<meta name=\"twitter:label1\" content=\"Gesch\u00e4tzte Lesezeit\" \/>\n\t<meta name=\"twitter:data1\" content=\"5\u00a0Minuten\" \/>\n<script type=\"application\/ld+json\" class=\"yoast-schema-graph\">{\"@context\":\"https:\/\/schema.org\",\"@graph\":[{\"@type\":\"Organization\",\"@id\":\"https:\/\/www.exploring-umbria.com\/de\/#organization\",\"name\":\"Exploring Umbria\",\"url\":\"https:\/\/www.exploring-umbria.com\/de\/\",\"sameAs\":[\"https:\/\/www.facebook.com\/exploringumbria\/\",\"https:\/\/www.instagram.com\/exploringumbria\/\"],\"logo\":{\"@type\":\"ImageObject\",\"@id\":\"https:\/\/www.exploring-umbria.com\/de\/#logo\",\"inLanguage\":\"de\",\"url\":\"https:\/\/www.exploring-umbria.com\/wp-content\/uploads\/2019\/08\/solo-logo-verde.jpg\",\"contentUrl\":\"https:\/\/www.exploring-umbria.com\/wp-content\/uploads\/2019\/08\/solo-logo-verde.jpg\",\"width\":952,\"height\":532,\"caption\":\"Exploring Umbria\"},\"image\":{\"@id\":\"https:\/\/www.exploring-umbria.com\/de\/#logo\"}},{\"@type\":\"WebSite\",\"@id\":\"https:\/\/www.exploring-umbria.com\/de\/#website\",\"url\":\"https:\/\/www.exploring-umbria.com\/de\/\",\"name\":\"Exploring Umbria\",\"description\":\"your dates, your mood, your trip\",\"publisher\":{\"@id\":\"https:\/\/www.exploring-umbria.com\/de\/#organization\"},\"potentialAction\":[{\"@type\":\"SearchAction\",\"target\":{\"@type\":\"EntryPoint\",\"urlTemplate\":\"https:\/\/www.exploring-umbria.com\/de\/?s={search_term_string}\"},\"query-input\":\"required name=search_term_string\"}],\"inLanguage\":\"de\"},{\"@type\":\"ImageObject\",\"@id\":\"https:\/\/www.exploring-umbria.com\/de\/entdecke-terni\/sehenswuerdigkeiten-in-terni\/cascata-delle-marmore-marmorfall\/#primaryimage\",\"inLanguage\":\"de\",\"url\":\"https:\/\/www.exploring-umbria.com\/wp-content\/uploads\/2019\/05\/CASCATE-DELLE-MARMORE-2.jpeg\",\"contentUrl\":\"https:\/\/www.exploring-umbria.com\/wp-content\/uploads\/2019\/05\/CASCATE-DELLE-MARMORE-2.jpeg\",\"width\":2000,\"height\":756,\"caption\":\"La cascata delle Marmore; Marmorfall\"},{\"@type\":\"WebPage\",\"@id\":\"https:\/\/www.exploring-umbria.com\/de\/entdecke-terni\/sehenswuerdigkeiten-in-terni\/cascata-delle-marmore-marmorfall\/#webpage\",\"url\":\"https:\/\/www.exploring-umbria.com\/de\/entdecke-terni\/sehenswuerdigkeiten-in-terni\/cascata-delle-marmore-marmorfall\/\",\"name\":\"Cascata delle Marmore (Marmorfall) - Exploring Umbria\",\"isPartOf\":{\"@id\":\"https:\/\/www.exploring-umbria.com\/de\/#website\"},\"primaryImageOfPage\":{\"@id\":\"https:\/\/www.exploring-umbria.com\/de\/entdecke-terni\/sehenswuerdigkeiten-in-terni\/cascata-delle-marmore-marmorfall\/#primaryimage\"},\"datePublished\":\"2019-03-20T13:50:21+00:00\",\"dateModified\":\"2020-01-14T10:13:40+00:00\",\"description\":\"\u201eOrribilmente bella! ma sul margine, da una parte All'altra, sotto lo scintillante mattino, posa un'iride Tra gli infernali gorghi, simile alla Speranza\",\"breadcrumb\":{\"@id\":\"https:\/\/www.exploring-umbria.com\/de\/entdecke-terni\/sehenswuerdigkeiten-in-terni\/cascata-delle-marmore-marmorfall\/#breadcrumb\"},\"inLanguage\":\"de\",\"potentialAction\":[{\"@type\":\"ReadAction\",\"target\":[\"https:\/\/www.exploring-umbria.com\/de\/entdecke-terni\/sehenswuerdigkeiten-in-terni\/cascata-delle-marmore-marmorfall\/\"]}]},{\"@type\":\"BreadcrumbList\",\"@id\":\"https:\/\/www.exploring-umbria.com\/de\/entdecke-terni\/sehenswuerdigkeiten-in-terni\/cascata-delle-marmore-marmorfall\/#breadcrumb\",\"itemListElement\":[{\"@type\":\"ListItem\",\"position\":1,\"name\":\"Home\",\"item\":\"https:\/\/www.exploring-umbria.com\/de\/\"},{\"@type\":\"ListItem\",\"position\":2,\"name\":\"Entdecke Terni\",\"item\":\"https:\/\/www.exploring-umbria.com\/de\/entdecke-terni\/\"},{\"@type\":\"ListItem\",\"position\":3,\"name\":\"Sehensw\u00fcrdigkeiten in Terni\",\"item\":\"https:\/\/www.exploring-umbria.com\/de\/entdecke-terni\/sehenswuerdigkeiten-in-terni\/\"},{\"@type\":\"ListItem\",\"position\":4,\"name\":\"Cascata delle Marmore (Marmorfall)\"}]}]}<\/script>\n<!-- \/ Yoast SEO plugin. -->","yoast_head_json":{"title":"Cascata delle Marmore (Marmorfall) - Exploring Umbria","description":"\u201eOrribilmente bella! ma sul margine, da una parte All'altra, sotto lo scintillante mattino, posa un'iride Tra gli infernali gorghi, simile alla Speranza","robots":{"index":"index","follow":"follow","max-snippet":"max-snippet:-1","max-image-preview":"max-image-preview:large","max-video-preview":"max-video-preview:-1"},"canonical":"https:\/\/www.exploring-umbria.com\/de\/entdecke-terni\/sehenswuerdigkeiten-in-terni\/cascata-delle-marmore-marmorfall\/","og_locale":"de_DE","og_type":"article","og_title":"Cascata delle Marmore (Marmorfall) - Exploring Umbria","og_description":"\u201eOrribilmente bella! ma sul margine, da una parte All'altra, sotto lo scintillante mattino, posa un'iride Tra gli infernali gorghi, simile alla Speranza","og_url":"https:\/\/www.exploring-umbria.com\/de\/entdecke-terni\/sehenswuerdigkeiten-in-terni\/cascata-delle-marmore-marmorfall\/","og_site_name":"Exploring Umbria","article_publisher":"https:\/\/www.facebook.com\/exploringumbria\/","article_modified_time":"2020-01-14T10:13:40+00:00","og_image":[{"width":2000,"height":756,"url":"https:\/\/www.exploring-umbria.com\/wp-content\/uploads\/2019\/05\/CASCATE-DELLE-MARMORE-2.jpeg","type":"image\/jpeg"}],"twitter_card":"summary_large_image","twitter_misc":{"Gesch\u00e4tzte Lesezeit":"5\u00a0Minuten"},"schema":{"@context":"https:\/\/schema.org","@graph":[{"@type":"Organization","@id":"https:\/\/www.exploring-umbria.com\/de\/#organization","name":"Exploring Umbria","url":"https:\/\/www.exploring-umbria.com\/de\/","sameAs":["https:\/\/www.facebook.com\/exploringumbria\/","https:\/\/www.instagram.com\/exploringumbria\/"],"logo":{"@type":"ImageObject","@id":"https:\/\/www.exploring-umbria.com\/de\/#logo","inLanguage":"de","url":"https:\/\/www.exploring-umbria.com\/wp-content\/uploads\/2019\/08\/solo-logo-verde.jpg","contentUrl":"https:\/\/www.exploring-umbria.com\/wp-content\/uploads\/2019\/08\/solo-logo-verde.jpg","width":952,"height":532,"caption":"Exploring Umbria"},"image":{"@id":"https:\/\/www.exploring-umbria.com\/de\/#logo"}},{"@type":"WebSite","@id":"https:\/\/www.exploring-umbria.com\/de\/#website","url":"https:\/\/www.exploring-umbria.com\/de\/","name":"Exploring Umbria","description":"your dates, your mood, your trip","publisher":{"@id":"https:\/\/www.exploring-umbria.com\/de\/#organization"},"potentialAction":[{"@type":"SearchAction","target":{"@type":"EntryPoint","urlTemplate":"https:\/\/www.exploring-umbria.com\/de\/?s={search_term_string}"},"query-input":"required name=search_term_string"}],"inLanguage":"de"},{"@type":"ImageObject","@id":"https:\/\/www.exploring-umbria.com\/de\/entdecke-terni\/sehenswuerdigkeiten-in-terni\/cascata-delle-marmore-marmorfall\/#primaryimage","inLanguage":"de","url":"https:\/\/www.exploring-umbria.com\/wp-content\/uploads\/2019\/05\/CASCATE-DELLE-MARMORE-2.jpeg","contentUrl":"https:\/\/www.exploring-umbria.com\/wp-content\/uploads\/2019\/05\/CASCATE-DELLE-MARMORE-2.jpeg","width":2000,"height":756,"caption":"La cascata delle Marmore; Marmorfall"},{"@type":"WebPage","@id":"https:\/\/www.exploring-umbria.com\/de\/entdecke-terni\/sehenswuerdigkeiten-in-terni\/cascata-delle-marmore-marmorfall\/#webpage","url":"https:\/\/www.exploring-umbria.com\/de\/entdecke-terni\/sehenswuerdigkeiten-in-terni\/cascata-delle-marmore-marmorfall\/","name":"Cascata delle Marmore (Marmorfall) - Exploring Umbria","isPartOf":{"@id":"https:\/\/www.exploring-umbria.com\/de\/#website"},"primaryImageOfPage":{"@id":"https:\/\/www.exploring-umbria.com\/de\/entdecke-terni\/sehenswuerdigkeiten-in-terni\/cascata-delle-marmore-marmorfall\/#primaryimage"},"datePublished":"2019-03-20T13:50:21+00:00","dateModified":"2020-01-14T10:13:40+00:00","description":"\u201eOrribilmente bella! ma sul margine, da una parte All'altra, sotto lo scintillante mattino, posa un'iride Tra gli infernali gorghi, simile alla Speranza","breadcrumb":{"@id":"https:\/\/www.exploring-umbria.com\/de\/entdecke-terni\/sehenswuerdigkeiten-in-terni\/cascata-delle-marmore-marmorfall\/#breadcrumb"},"inLanguage":"de","potentialAction":[{"@type":"ReadAction","target":["https:\/\/www.exploring-umbria.com\/de\/entdecke-terni\/sehenswuerdigkeiten-in-terni\/cascata-delle-marmore-marmorfall\/"]}]},{"@type":"BreadcrumbList","@id":"https:\/\/www.exploring-umbria.com\/de\/entdecke-terni\/sehenswuerdigkeiten-in-terni\/cascata-delle-marmore-marmorfall\/#breadcrumb","itemListElement":[{"@type":"ListItem","position":1,"name":"Home","item":"https:\/\/www.exploring-umbria.com\/de\/"},{"@type":"ListItem","position":2,"name":"Entdecke Terni","item":"https:\/\/www.exploring-umbria.com\/de\/entdecke-terni\/"},{"@type":"ListItem","position":3,"name":"Sehensw\u00fcrdigkeiten in Terni","item":"https:\/\/www.exploring-umbria.com\/de\/entdecke-terni\/sehenswuerdigkeiten-in-terni\/"},{"@type":"ListItem","position":4,"name":"Cascata delle Marmore (Marmorfall)"}]}]}},"_links":{"self":[{"href":"https:\/\/www.exploring-umbria.com\/de\/wp-json\/wp\/v2\/pages\/2742"}],"collection":[{"href":"https:\/\/www.exploring-umbria.com\/de\/wp-json\/wp\/v2\/pages"}],"about":[{"href":"https:\/\/www.exploring-umbria.com\/de\/wp-json\/wp\/v2\/types\/page"}],"author":[{"embeddable":true,"href":"https:\/\/www.exploring-umbria.com\/de\/wp-json\/wp\/v2\/users\/4"}],"replies":[{"embeddable":true,"href":"https:\/\/www.exploring-umbria.com\/de\/wp-json\/wp\/v2\/comments?post=2742"}],"version-history":[{"count":5,"href":"https:\/\/www.exploring-umbria.com\/de\/wp-json\/wp\/v2\/pages\/2742\/revisions"}],"predecessor-version":[{"id":29278,"href":"https:\/\/www.exploring-umbria.com\/de\/wp-json\/wp\/v2\/pages\/2742\/revisions\/29278"}],"up":[{"embeddable":true,"href":"https:\/\/www.exploring-umbria.com\/de\/wp-json\/wp\/v2\/pages\/2749"}],"wp:featuredmedia":[{"embeddable":true,"href":"https:\/\/www.exploring-umbria.com\/de\/wp-json\/wp\/v2\/media\/6017"}],"wp:attachment":[{"href":"https:\/\/www.exploring-umbria.com\/de\/wp-json\/wp\/v2\/media?parent=2742"}],"curies":[{"name":"wp","href":"https:\/\/api.w.org\/{rel}","templated":true}]}}