{"id":27401,"date":"2019-04-13T18:16:15","date_gmt":"2019-04-13T16:16:15","guid":{"rendered":"https:\/\/www.exploring-umbria.com\/avventure-da-vivere-in-umbria\/"},"modified":"2020-01-03T19:28:47","modified_gmt":"2020-01-03T18:28:47","slug":"umbria-adventures","status":"publish","type":"page","link":"https:\/\/www.exploring-umbria.com\/de\/umbria-adventures\/","title":{"rendered":"Umbria Adventures"},"content":{"rendered":"<p>Umbrien ist eine Region, die entdeckt werden will. Und wenn Sie glauben, dass Umbrien f\u00fcr alle Liebhaber von Abenteuer und Adrenalin nichts zu bieten hat, dann t\u00e4uschen Sie sich. Die Region der Ruhe, der Spiritualit\u00e4t, der Kunst und des guten Essens ist au\u00dferdem auch stolz auf die vielen kleinen Unternehmen und leidenschaftlichen Profis, auf die Sie dank <strong>Exploring<\/strong> <strong>Umbria<\/strong> treffen k\u00f6nnen, um einzigartige Erfahrungen zu machen.<\/p>\n<p>Wenn f\u00fcr Sie Leere nicht nur das Fehlen einer Materie in einem Raum bedeutet, sondern ein genaues Gef\u00fchl, auf das Sie nicht verzichten m\u00f6chten, wenn Sie wie ein moderner und schlauer Ikarus den Rausch des Fliegens unter vollkommen sicheren Bedingungen erfahren, dann sind Sie hier genau richtig, um all diesen Bed\u00fcrfnissen nachzukommen. Und all das ist vor dem Hintergrund eines der sch\u00f6nsten Panoramen ganz Italiens m\u00f6glich. Wer am Boden steht erhebt seinen Kopf, um die Sch\u00f6nheit des Himmels und der Sterne zu betrachten, aber wei\u00df nicht, dass das Spektakel von oben noch viel erstaunlicher ist.<\/p>\n<p>Nehmen Sie die Z\u00fcgel eines <a href=\"https:\/\/www.exploring-umbria.com\/en\/activities\/paragliding-over-montecucco\/\" target=\"_blank\" rel=\"noopener\"><strong>Gleitschirms<\/strong> <\/a>oder eines <strong>Flugdrachens<\/strong> in die H\u00e4nde und erf\u00fcllen Sie Ihre Augen mit den runden und waldigen Profilen des Horizonts; Sie werden Olivenhaine und Weinberge mit einem <strong>Hei\u00dfluftballon<\/strong> in den buntesten Farben \u00fcberqueren; Sie k\u00f6nnen den freien Fall aus einem Flugzeug probieren und mit Ihrem <strong>Fallschirm<\/strong> in einem herrlich duftenden Weizenfeld landen. Zu jeder Jahreszeit werden Sie eine andere Landschaft vorfinden, die Ihre Abenteuer umrahmt. Die bl\u00fchende Ebene <strong>Castelluccio<\/strong> in Norcia sorgt w\u00e4hrend des k\u00fchlen Sommers am Apennin f\u00fcr impressionistische Eindr\u00fccke; im Fr\u00fchling empfangen Sie die \u00fcppig bewachsenen Spitzen des Gebirges <strong>Monti Martani<\/strong> und sch\u00fctzen Sie vor kaltem Nordwind;\u00a0 der scheinheilige Herbst f\u00e4rbt die H\u00fcgel um Assisi und Spoleto feuer- und ziegelrot.<\/p>\n<p>Falls Ihr liebstes Element hingegen das Wasser ist, m\u00fcssen Sie sich keine Sorgen machen. In der einzigen Region der Halbinsel Italien, die nicht vom Meer umsp\u00fclt wird, verl\u00e4uft eine gro\u00dfes Netz aus Fl\u00fcssen und Seen wie eine Lebensader, die allen Liebhabern des Wassersports sensationelle Emotionen garantiert. Die gewundenen Flussschleifen und die Stromschnellen des Wassers sind eine perfekte Herausforderung f\u00fcr alle, die Sportarten wie <strong>Rafting<\/strong> oder <a href=\"https:\/\/de.wikipedia.org\/wiki\/Kajak\" target=\"_blank\" rel=\"noopener\"><strong>Kajak<\/strong><\/a> betreiben und beim ruhigen Treiben entlang des Flusses vor oder nach einem atemraubenden\u00a0 Gef\u00e4lle den einzigartigen Ausblick vom Wasser auf den Wald genie\u00dfen m\u00f6chten. Dieselben Stromschnellen gelten auch als perfektes Szenario f\u00fcr das <strong>Canyoning<\/strong>, also das Folgen des Wasserlaufs ausschlie\u00dflich unterst\u00fctzt durch Seile und eine Portion Mut Mut beim Eintauchen in Wasserf\u00e4lle und tiefe Klammen im Felsen, die durch das unendliche Str\u00f6men des Wassers im Lauf der Jahrhunderte entstanden sind.<\/p>\n<p>Fans von Meeressportarten werden sich in der zauberhaften Umgebung des <strong>Trasimenischen Sees<\/strong> wohlf\u00fchlen. Auf der silberfarbenen Oberfl\u00e4che des Wassers k\u00f6nnen Sie sich bei einer Bootstour, um die Inseln zu entdecken, vergn\u00fcgen, beim Fischen im Sonnenaufgang entspannen oder an windigen Tagen das <strong>Kitesurfen<\/strong> von erfahrenen Trainern an einem der besten Orte f\u00fcr Anf\u00e4nger lernen.<\/p>\n<p>Wer Abenteuer zwangsl\u00e4ufig mit hohen Geschwindigkeiten verbindet, der sollte sich auf einen <strong>Quad<\/strong> oder ein <strong>Enduro-Motorrad<\/strong> setzen und die Schotterwege, die sich um H\u00fcgel und Orte winden, durchqueren. Dabei empfiehlt sich ab und zu ein Stopp zum Nachtanken, denn Bauch und Tank m\u00fcssen stets voll sein, um bei H\u00f6chstgeschwindigkeit zu fahren.<\/p>\n","protected":false},"excerpt":{"rendered":"<p>Umbrien ist eine Region, die entdeckt werden will. Und wenn Sie glauben, dass Umbrien f\u00fcr alle Liebhaber von Abenteuer und Adrenalin nichts zu bieten hat, dann t\u00e4uschen Sie sich. Die Region der Ruhe, der Spiritualit\u00e4t, der Kunst und des guten Essens ist au\u00dferdem auch stolz auf die vielen kleinen Unternehmen und leidenschaftlichen Profis, auf die [&hellip;]<\/p>\n","protected":false},"author":4,"featured_media":5749,"parent":0,"menu_order":0,"comment_status":"closed","ping_status":"closed","template":"","meta":{"om_disable_all_campaigns":false,"_monsterinsights_skip_tracking":false,"_monsterinsights_sitenote_active":false,"_monsterinsights_sitenote_note":"","_monsterinsights_sitenote_category":0},"acf":[],"yoast_head":"<!-- This site is optimized with the Yoast SEO plugin v18.4.1 - https:\/\/yoast.com\/wordpress\/plugins\/seo\/ -->\n<title>Umbria Adventures - Exploring Umbria<\/title>\n<meta name=\"description\" content=\"Umbrien ist eine Region, die entdeckt werden will. Und wenn Sie glauben, dass Umbrien f\u00fcr alle Liebhaber von Abenteuer und Adrenalin nichts zu bieten hat,\" \/>\n<meta name=\"robots\" content=\"index, follow, max-snippet:-1, max-image-preview:large, max-video-preview:-1\" \/>\n<link rel=\"canonical\" href=\"https:\/\/www.exploring-umbria.com\/de\/umbria-adventures\/\" \/>\n<meta property=\"og:locale\" content=\"de_DE\" \/>\n<meta property=\"og:type\" content=\"article\" \/>\n<meta property=\"og:title\" content=\"Umbria Adventures - Exploring Umbria\" \/>\n<meta property=\"og:description\" content=\"Umbrien ist eine Region, die entdeckt werden will. Und wenn Sie glauben, dass Umbrien f\u00fcr alle Liebhaber von Abenteuer und Adrenalin nichts zu bieten hat,\" \/>\n<meta property=\"og:url\" content=\"https:\/\/www.exploring-umbria.com\/de\/umbria-adventures\/\" \/>\n<meta property=\"og:site_name\" content=\"Exploring Umbria\" \/>\n<meta property=\"article:publisher\" content=\"https:\/\/www.facebook.com\/exploringumbria\/\" \/>\n<meta property=\"article:modified_time\" content=\"2020-01-03T18:28:47+00:00\" \/>\n<meta property=\"og:image\" content=\"https:\/\/www.exploring-umbria.com\/wp-content\/uploads\/2019\/05\/FIUME-NERA-RAFTING-GRUPPO.jpg\" \/>\n\t<meta property=\"og:image:width\" content=\"1800\" \/>\n\t<meta property=\"og:image:height\" content=\"1200\" \/>\n\t<meta property=\"og:image:type\" content=\"image\/jpeg\" \/>\n<meta name=\"twitter:card\" content=\"summary_large_image\" \/>\n<meta name=\"twitter:label1\" content=\"Gesch\u00e4tzte Lesezeit\" \/>\n\t<meta name=\"twitter:data1\" content=\"3\u00a0Minuten\" \/>\n<script type=\"application\/ld+json\" class=\"yoast-schema-graph\">{\"@context\":\"https:\/\/schema.org\",\"@graph\":[{\"@type\":\"Organization\",\"@id\":\"https:\/\/www.exploring-umbria.com\/de\/#organization\",\"name\":\"Exploring Umbria\",\"url\":\"https:\/\/www.exploring-umbria.com\/de\/\",\"sameAs\":[\"https:\/\/www.facebook.com\/exploringumbria\/\",\"https:\/\/www.instagram.com\/exploringumbria\/\"],\"logo\":{\"@type\":\"ImageObject\",\"@id\":\"https:\/\/www.exploring-umbria.com\/de\/#logo\",\"inLanguage\":\"de\",\"url\":\"https:\/\/www.exploring-umbria.com\/wp-content\/uploads\/2019\/08\/solo-logo-verde.jpg\",\"contentUrl\":\"https:\/\/www.exploring-umbria.com\/wp-content\/uploads\/2019\/08\/solo-logo-verde.jpg\",\"width\":952,\"height\":532,\"caption\":\"Exploring Umbria\"},\"image\":{\"@id\":\"https:\/\/www.exploring-umbria.com\/de\/#logo\"}},{\"@type\":\"WebSite\",\"@id\":\"https:\/\/www.exploring-umbria.com\/de\/#website\",\"url\":\"https:\/\/www.exploring-umbria.com\/de\/\",\"name\":\"Exploring Umbria\",\"description\":\"your dates, your mood, your trip\",\"publisher\":{\"@id\":\"https:\/\/www.exploring-umbria.com\/de\/#organization\"},\"potentialAction\":[{\"@type\":\"SearchAction\",\"target\":{\"@type\":\"EntryPoint\",\"urlTemplate\":\"https:\/\/www.exploring-umbria.com\/de\/?s={search_term_string}\"},\"query-input\":\"required name=search_term_string\"}],\"inLanguage\":\"de\"},{\"@type\":\"ImageObject\",\"@id\":\"https:\/\/www.exploring-umbria.com\/de\/umbria-adventures\/#primaryimage\",\"inLanguage\":\"de\",\"url\":\"https:\/\/www.exploring-umbria.com\/wp-content\/uploads\/2019\/05\/FIUME-NERA-RAFTING-GRUPPO.jpg\",\"contentUrl\":\"https:\/\/www.exploring-umbria.com\/wp-content\/uploads\/2019\/05\/FIUME-NERA-RAFTING-GRUPPO.jpg\",\"width\":1800,\"height\":1200,\"caption\":\"avventure da vivere in umbria\"},{\"@type\":\"WebPage\",\"@id\":\"https:\/\/www.exploring-umbria.com\/de\/umbria-adventures\/#webpage\",\"url\":\"https:\/\/www.exploring-umbria.com\/de\/umbria-adventures\/\",\"name\":\"Umbria Adventures - Exploring Umbria\",\"isPartOf\":{\"@id\":\"https:\/\/www.exploring-umbria.com\/de\/#website\"},\"primaryImageOfPage\":{\"@id\":\"https:\/\/www.exploring-umbria.com\/de\/umbria-adventures\/#primaryimage\"},\"datePublished\":\"2019-04-13T16:16:15+00:00\",\"dateModified\":\"2020-01-03T18:28:47+00:00\",\"description\":\"Umbrien ist eine Region, die entdeckt werden will. Und wenn Sie glauben, dass Umbrien f\u00fcr alle Liebhaber von Abenteuer und Adrenalin nichts zu bieten hat,\",\"breadcrumb\":{\"@id\":\"https:\/\/www.exploring-umbria.com\/de\/umbria-adventures\/#breadcrumb\"},\"inLanguage\":\"de\",\"potentialAction\":[{\"@type\":\"ReadAction\",\"target\":[\"https:\/\/www.exploring-umbria.com\/de\/umbria-adventures\/\"]}]},{\"@type\":\"BreadcrumbList\",\"@id\":\"https:\/\/www.exploring-umbria.com\/de\/umbria-adventures\/#breadcrumb\",\"itemListElement\":[{\"@type\":\"ListItem\",\"position\":1,\"name\":\"Home\",\"item\":\"https:\/\/www.exploring-umbria.com\/de\/\"},{\"@type\":\"ListItem\",\"position\":2,\"name\":\"Umbria Adventures\"}]}]}<\/script>\n<!-- \/ Yoast SEO plugin. -->","yoast_head_json":{"title":"Umbria Adventures - Exploring Umbria","description":"Umbrien ist eine Region, die entdeckt werden will. Und wenn Sie glauben, dass Umbrien f\u00fcr alle Liebhaber von Abenteuer und Adrenalin nichts zu bieten hat,","robots":{"index":"index","follow":"follow","max-snippet":"max-snippet:-1","max-image-preview":"max-image-preview:large","max-video-preview":"max-video-preview:-1"},"canonical":"https:\/\/www.exploring-umbria.com\/de\/umbria-adventures\/","og_locale":"de_DE","og_type":"article","og_title":"Umbria Adventures - Exploring Umbria","og_description":"Umbrien ist eine Region, die entdeckt werden will. Und wenn Sie glauben, dass Umbrien f\u00fcr alle Liebhaber von Abenteuer und Adrenalin nichts zu bieten hat,","og_url":"https:\/\/www.exploring-umbria.com\/de\/umbria-adventures\/","og_site_name":"Exploring Umbria","article_publisher":"https:\/\/www.facebook.com\/exploringumbria\/","article_modified_time":"2020-01-03T18:28:47+00:00","og_image":[{"width":1800,"height":1200,"url":"https:\/\/www.exploring-umbria.com\/wp-content\/uploads\/2019\/05\/FIUME-NERA-RAFTING-GRUPPO.jpg","type":"image\/jpeg"}],"twitter_card":"summary_large_image","twitter_misc":{"Gesch\u00e4tzte Lesezeit":"3\u00a0Minuten"},"schema":{"@context":"https:\/\/schema.org","@graph":[{"@type":"Organization","@id":"https:\/\/www.exploring-umbria.com\/de\/#organization","name":"Exploring Umbria","url":"https:\/\/www.exploring-umbria.com\/de\/","sameAs":["https:\/\/www.facebook.com\/exploringumbria\/","https:\/\/www.instagram.com\/exploringumbria\/"],"logo":{"@type":"ImageObject","@id":"https:\/\/www.exploring-umbria.com\/de\/#logo","inLanguage":"de","url":"https:\/\/www.exploring-umbria.com\/wp-content\/uploads\/2019\/08\/solo-logo-verde.jpg","contentUrl":"https:\/\/www.exploring-umbria.com\/wp-content\/uploads\/2019\/08\/solo-logo-verde.jpg","width":952,"height":532,"caption":"Exploring Umbria"},"image":{"@id":"https:\/\/www.exploring-umbria.com\/de\/#logo"}},{"@type":"WebSite","@id":"https:\/\/www.exploring-umbria.com\/de\/#website","url":"https:\/\/www.exploring-umbria.com\/de\/","name":"Exploring Umbria","description":"your dates, your mood, your trip","publisher":{"@id":"https:\/\/www.exploring-umbria.com\/de\/#organization"},"potentialAction":[{"@type":"SearchAction","target":{"@type":"EntryPoint","urlTemplate":"https:\/\/www.exploring-umbria.com\/de\/?s={search_term_string}"},"query-input":"required name=search_term_string"}],"inLanguage":"de"},{"@type":"ImageObject","@id":"https:\/\/www.exploring-umbria.com\/de\/umbria-adventures\/#primaryimage","inLanguage":"de","url":"https:\/\/www.exploring-umbria.com\/wp-content\/uploads\/2019\/05\/FIUME-NERA-RAFTING-GRUPPO.jpg","contentUrl":"https:\/\/www.exploring-umbria.com\/wp-content\/uploads\/2019\/05\/FIUME-NERA-RAFTING-GRUPPO.jpg","width":1800,"height":1200,"caption":"avventure da vivere in umbria"},{"@type":"WebPage","@id":"https:\/\/www.exploring-umbria.com\/de\/umbria-adventures\/#webpage","url":"https:\/\/www.exploring-umbria.com\/de\/umbria-adventures\/","name":"Umbria Adventures - Exploring Umbria","isPartOf":{"@id":"https:\/\/www.exploring-umbria.com\/de\/#website"},"primaryImageOfPage":{"@id":"https:\/\/www.exploring-umbria.com\/de\/umbria-adventures\/#primaryimage"},"datePublished":"2019-04-13T16:16:15+00:00","dateModified":"2020-01-03T18:28:47+00:00","description":"Umbrien ist eine Region, die entdeckt werden will. Und wenn Sie glauben, dass Umbrien f\u00fcr alle Liebhaber von Abenteuer und Adrenalin nichts zu bieten hat,","breadcrumb":{"@id":"https:\/\/www.exploring-umbria.com\/de\/umbria-adventures\/#breadcrumb"},"inLanguage":"de","potentialAction":[{"@type":"ReadAction","target":["https:\/\/www.exploring-umbria.com\/de\/umbria-adventures\/"]}]},{"@type":"BreadcrumbList","@id":"https:\/\/www.exploring-umbria.com\/de\/umbria-adventures\/#breadcrumb","itemListElement":[{"@type":"ListItem","position":1,"name":"Home","item":"https:\/\/www.exploring-umbria.com\/de\/"},{"@type":"ListItem","position":2,"name":"Umbria Adventures"}]}]}},"_links":{"self":[{"href":"https:\/\/www.exploring-umbria.com\/de\/wp-json\/wp\/v2\/pages\/27401"}],"collection":[{"href":"https:\/\/www.exploring-umbria.com\/de\/wp-json\/wp\/v2\/pages"}],"about":[{"href":"https:\/\/www.exploring-umbria.com\/de\/wp-json\/wp\/v2\/types\/page"}],"author":[{"embeddable":true,"href":"https:\/\/www.exploring-umbria.com\/de\/wp-json\/wp\/v2\/users\/4"}],"replies":[{"embeddable":true,"href":"https:\/\/www.exploring-umbria.com\/de\/wp-json\/wp\/v2\/comments?post=27401"}],"version-history":[{"count":2,"href":"https:\/\/www.exploring-umbria.com\/de\/wp-json\/wp\/v2\/pages\/27401\/revisions"}],"predecessor-version":[{"id":27403,"href":"https:\/\/www.exploring-umbria.com\/de\/wp-json\/wp\/v2\/pages\/27401\/revisions\/27403"}],"wp:featuredmedia":[{"embeddable":true,"href":"https:\/\/www.exploring-umbria.com\/de\/wp-json\/wp\/v2\/media\/5749"}],"wp:attachment":[{"href":"https:\/\/www.exploring-umbria.com\/de\/wp-json\/wp\/v2\/media?parent=27401"}],"curies":[{"name":"wp","href":"https:\/\/api.w.org\/{rel}","templated":true}]}}