{"id":27386,"date":"2019-04-13T18:06:18","date_gmt":"2019-04-13T16:06:18","guid":{"rendered":"https:\/\/www.exploring-umbria.com\/umbria-a-cavallo\/"},"modified":"2020-01-03T18:59:20","modified_gmt":"2020-01-03T17:59:20","slug":"reiten","status":"publish","type":"page","link":"https:\/\/www.exploring-umbria.com\/de\/reiten\/","title":{"rendered":"Reiten"},"content":{"rendered":"<p>Heute kennzeichnet der technologische und kulturelle Fortschritt den Menschen als die fortschrittlichste Spezies auf Erden auf, aber all das w\u00e4re ohne die wichtige Unterst\u00fctzung anderer Lebewesen nicht m\u00f6glich gewesen. Im Lauf der Geschichte haben viele Tiere zu diesem Fortschritt beigetragen, aber zweifelsohne kann best\u00e4tigt werden, dass der wichtigste und funktionellste Unterst\u00fctzer des Menschen das <strong>Pferd<\/strong> war. Die Beziehung, die die beiden Spezies miteinander verbindet, wurde bereits in der Vorgeschichte aufgebaut und ist bis heute stark geblieben, obwohl unsere unerm\u00fcdlich galoppierenden Freunde seit geraumer Zeit nicht mehr als Arbeitskr\u00e4fte, Transportmittel oder m\u00f6rderische Kriegswaffen eingesetzt werden. Heute sind Pferde in den meisten F\u00e4llen unsere Spiel- und Sportgef\u00e4hrten, dank der wir uns entspannen k\u00f6nnen, und in einigen F\u00e4llen k\u00f6nnen wir auch einen gesundheitlichen Nutzen aus diesen Tieren ziehen.<\/p>\n<p>Umbrien ist aufgrund der b\u00e4uerlichen Pr\u00e4gung und dem intensiven Verh\u00e4ltnis der Region mit ihrer Vergangenheit ein eng mit der <strong>Pferdekultur<\/strong> verbundenes Gebiet. Traditionelle Feste sowie Volksfeste, die j\u00e4hrlich in der gesamten Region stattfinden, stehen oft in engem Zusammenhang mit dem Pferd. Veranstaltungen wie die <a href=\"https:\/\/en.wikipedia.org\/wiki\/Giostra_della_Quintana\" target=\"_blank\" rel=\"noopener\">Giostra della Quintana<\/a> in <a href=\"https:\/\/www.exploring-umbria.com\/de\/subcategories\/cosa-fare-e-cosa-vedere-a-foligno\/#heading3088\" target=\"_blank\" rel=\"noopener\">Foligno<\/a>, die Giostra d\u2019Italia in Valfabbrica oder der Palio dei Colombi in Amelia sind folkloristische Erinnerungen an einige Veranstaltungen in der Vergangenheit auf den Dorfpl\u00e4tzen, bei denen auch Pferde vertreten waren. Aus diesem Grund gibt es in diesen und anderen Gebieten Umbriens viele Pferde und Reiter, die dank ihrer Leidenschaft f\u00fcr den Reitsport einen Service f\u00fcr Durchreisende oder unternehmungslustige Touristen anbieten.<\/p>\n<p>Die mehr oder weniger erfahrenen Reitinteressierten k\u00f6nnen eine der zahlreichen <strong>Reiterh\u00f6fe<\/strong> der Gegend\u00a0 besuchen oder einen abenteuerlichen Ausflug entlang der Wanderwege und alten Pfade in den Bergen machen, die fr\u00fcher als Verkehrswege genutzt wurden. Einige der Reiterh\u00f6fe werden als Agrotourismus-Betriebe gef\u00fchrt und verf\u00fcgen \u00fcber Restaurants und Unterk\u00fcnfte, sodass Sie vollst\u00e4ndig sowie mit garantierter Ruhe und schmackhaftem Essen direkt vor Ort in die Natur und das Land eintauchen k\u00f6nnen.<\/p>\n<p>Wenn Sie hingegen sportlich sind, Reiten schon immer Ihr Traum war und sie Lust haben, alle Geheimnisse zu erlernen, um geschickte Reiter zu werden, k\u00f6nnen Sie eines der zahlreichen regionalen <strong>Reitsportzentren<\/strong> besuchen, in denen Sie erfahrene Experten auf Entdeckungsreise durch die Techniken und zahlreichen Disziplinen begleiten, auf die sich der <strong>Reitsport<\/strong> aufteilt.<\/p>\n<p>Der Kontakt mit diesen wundersch\u00f6nen und liebevollen Tieren wird Ihren Besuch abrunden und Sie werden verstehen, warum Pferde im Lauf der Geschichte so wichtig f\u00fcr den Menschen waren, und vor allem warum diese jahrtausendelange Zusammenarbeit immer bestehen wird.<\/p>\n","protected":false},"excerpt":{"rendered":"<p>Heute kennzeichnet der technologische und kulturelle Fortschritt den Menschen als die fortschrittlichste Spezies auf Erden auf, aber all das w\u00e4re ohne die wichtige Unterst\u00fctzung anderer Lebewesen nicht m\u00f6glich gewesen. Im Lauf der Geschichte haben viele Tiere zu diesem Fortschritt beigetragen, aber zweifelsohne kann best\u00e4tigt werden, dass der wichtigste und funktionellste Unterst\u00fctzer des Menschen das Pferd [&hellip;]<\/p>\n","protected":false},"author":4,"featured_media":5645,"parent":0,"menu_order":0,"comment_status":"closed","ping_status":"closed","template":"","meta":{"om_disable_all_campaigns":false,"_monsterinsights_skip_tracking":false,"_monsterinsights_sitenote_active":false,"_monsterinsights_sitenote_note":"","_monsterinsights_sitenote_category":0},"acf":[],"yoast_head":"<!-- This site is optimized with the Yoast SEO plugin v18.4.1 - https:\/\/yoast.com\/wordpress\/plugins\/seo\/ -->\n<title>Reiten - Exploring Umbria<\/title>\n<meta name=\"description\" content=\"Heute kennzeichnet der technologische und kulturelle Fortschritt den Menschen als die fortschrittlichste Spezies auf Erden auf, aber all das w\u00e4re ohne die\" \/>\n<meta name=\"robots\" content=\"index, follow, max-snippet:-1, max-image-preview:large, max-video-preview:-1\" \/>\n<link rel=\"canonical\" href=\"https:\/\/www.exploring-umbria.com\/de\/reiten\/\" \/>\n<meta property=\"og:locale\" content=\"de_DE\" \/>\n<meta property=\"og:type\" content=\"article\" \/>\n<meta property=\"og:title\" content=\"Reiten - Exploring Umbria\" \/>\n<meta property=\"og:description\" content=\"Heute kennzeichnet der technologische und kulturelle Fortschritt den Menschen als die fortschrittlichste Spezies auf Erden auf, aber all das w\u00e4re ohne die\" \/>\n<meta property=\"og:url\" content=\"https:\/\/www.exploring-umbria.com\/de\/reiten\/\" \/>\n<meta property=\"og:site_name\" content=\"Exploring Umbria\" \/>\n<meta property=\"article:publisher\" content=\"https:\/\/www.facebook.com\/exploringumbria\/\" \/>\n<meta property=\"article:modified_time\" content=\"2020-01-03T17:59:20+00:00\" \/>\n<meta property=\"og:image\" content=\"https:\/\/www.exploring-umbria.com\/wp-content\/uploads\/2019\/05\/CAVALLO-GRUPPO-6.jpg\" \/>\n\t<meta property=\"og:image:width\" content=\"1800\" \/>\n\t<meta property=\"og:image:height\" content=\"1283\" \/>\n\t<meta property=\"og:image:type\" content=\"image\/jpeg\" \/>\n<meta name=\"twitter:card\" content=\"summary_large_image\" \/>\n<meta name=\"twitter:label1\" content=\"Gesch\u00e4tzte Lesezeit\" \/>\n\t<meta name=\"twitter:data1\" content=\"2\u00a0Minuten\" \/>\n<script type=\"application\/ld+json\" class=\"yoast-schema-graph\">{\"@context\":\"https:\/\/schema.org\",\"@graph\":[{\"@type\":\"Organization\",\"@id\":\"https:\/\/www.exploring-umbria.com\/de\/#organization\",\"name\":\"Exploring Umbria\",\"url\":\"https:\/\/www.exploring-umbria.com\/de\/\",\"sameAs\":[\"https:\/\/www.facebook.com\/exploringumbria\/\",\"https:\/\/www.instagram.com\/exploringumbria\/\"],\"logo\":{\"@type\":\"ImageObject\",\"@id\":\"https:\/\/www.exploring-umbria.com\/de\/#logo\",\"inLanguage\":\"de\",\"url\":\"https:\/\/www.exploring-umbria.com\/wp-content\/uploads\/2019\/08\/solo-logo-verde.jpg\",\"contentUrl\":\"https:\/\/www.exploring-umbria.com\/wp-content\/uploads\/2019\/08\/solo-logo-verde.jpg\",\"width\":952,\"height\":532,\"caption\":\"Exploring Umbria\"},\"image\":{\"@id\":\"https:\/\/www.exploring-umbria.com\/de\/#logo\"}},{\"@type\":\"WebSite\",\"@id\":\"https:\/\/www.exploring-umbria.com\/de\/#website\",\"url\":\"https:\/\/www.exploring-umbria.com\/de\/\",\"name\":\"Exploring Umbria\",\"description\":\"your dates, your mood, your trip\",\"publisher\":{\"@id\":\"https:\/\/www.exploring-umbria.com\/de\/#organization\"},\"potentialAction\":[{\"@type\":\"SearchAction\",\"target\":{\"@type\":\"EntryPoint\",\"urlTemplate\":\"https:\/\/www.exploring-umbria.com\/de\/?s={search_term_string}\"},\"query-input\":\"required name=search_term_string\"}],\"inLanguage\":\"de\"},{\"@type\":\"ImageObject\",\"@id\":\"https:\/\/www.exploring-umbria.com\/de\/reiten\/#primaryimage\",\"inLanguage\":\"de\",\"url\":\"https:\/\/www.exploring-umbria.com\/wp-content\/uploads\/2019\/05\/CAVALLO-GRUPPO-6.jpg\",\"contentUrl\":\"https:\/\/www.exploring-umbria.com\/wp-content\/uploads\/2019\/05\/CAVALLO-GRUPPO-6.jpg\",\"width\":1800,\"height\":1283,\"caption\":\"umbria a cavallo\"},{\"@type\":\"WebPage\",\"@id\":\"https:\/\/www.exploring-umbria.com\/de\/reiten\/#webpage\",\"url\":\"https:\/\/www.exploring-umbria.com\/de\/reiten\/\",\"name\":\"Reiten - Exploring Umbria\",\"isPartOf\":{\"@id\":\"https:\/\/www.exploring-umbria.com\/de\/#website\"},\"primaryImageOfPage\":{\"@id\":\"https:\/\/www.exploring-umbria.com\/de\/reiten\/#primaryimage\"},\"datePublished\":\"2019-04-13T16:06:18+00:00\",\"dateModified\":\"2020-01-03T17:59:20+00:00\",\"description\":\"Heute kennzeichnet der technologische und kulturelle Fortschritt den Menschen als die fortschrittlichste Spezies auf Erden auf, aber all das w\u00e4re ohne die\",\"breadcrumb\":{\"@id\":\"https:\/\/www.exploring-umbria.com\/de\/reiten\/#breadcrumb\"},\"inLanguage\":\"de\",\"potentialAction\":[{\"@type\":\"ReadAction\",\"target\":[\"https:\/\/www.exploring-umbria.com\/de\/reiten\/\"]}]},{\"@type\":\"BreadcrumbList\",\"@id\":\"https:\/\/www.exploring-umbria.com\/de\/reiten\/#breadcrumb\",\"itemListElement\":[{\"@type\":\"ListItem\",\"position\":1,\"name\":\"Home\",\"item\":\"https:\/\/www.exploring-umbria.com\/de\/\"},{\"@type\":\"ListItem\",\"position\":2,\"name\":\"Reiten\"}]}]}<\/script>\n<!-- \/ Yoast SEO plugin. -->","yoast_head_json":{"title":"Reiten - Exploring Umbria","description":"Heute kennzeichnet der technologische und kulturelle Fortschritt den Menschen als die fortschrittlichste Spezies auf Erden auf, aber all das w\u00e4re ohne die","robots":{"index":"index","follow":"follow","max-snippet":"max-snippet:-1","max-image-preview":"max-image-preview:large","max-video-preview":"max-video-preview:-1"},"canonical":"https:\/\/www.exploring-umbria.com\/de\/reiten\/","og_locale":"de_DE","og_type":"article","og_title":"Reiten - Exploring Umbria","og_description":"Heute kennzeichnet der technologische und kulturelle Fortschritt den Menschen als die fortschrittlichste Spezies auf Erden auf, aber all das w\u00e4re ohne die","og_url":"https:\/\/www.exploring-umbria.com\/de\/reiten\/","og_site_name":"Exploring Umbria","article_publisher":"https:\/\/www.facebook.com\/exploringumbria\/","article_modified_time":"2020-01-03T17:59:20+00:00","og_image":[{"width":1800,"height":1283,"url":"https:\/\/www.exploring-umbria.com\/wp-content\/uploads\/2019\/05\/CAVALLO-GRUPPO-6.jpg","type":"image\/jpeg"}],"twitter_card":"summary_large_image","twitter_misc":{"Gesch\u00e4tzte Lesezeit":"2\u00a0Minuten"},"schema":{"@context":"https:\/\/schema.org","@graph":[{"@type":"Organization","@id":"https:\/\/www.exploring-umbria.com\/de\/#organization","name":"Exploring Umbria","url":"https:\/\/www.exploring-umbria.com\/de\/","sameAs":["https:\/\/www.facebook.com\/exploringumbria\/","https:\/\/www.instagram.com\/exploringumbria\/"],"logo":{"@type":"ImageObject","@id":"https:\/\/www.exploring-umbria.com\/de\/#logo","inLanguage":"de","url":"https:\/\/www.exploring-umbria.com\/wp-content\/uploads\/2019\/08\/solo-logo-verde.jpg","contentUrl":"https:\/\/www.exploring-umbria.com\/wp-content\/uploads\/2019\/08\/solo-logo-verde.jpg","width":952,"height":532,"caption":"Exploring Umbria"},"image":{"@id":"https:\/\/www.exploring-umbria.com\/de\/#logo"}},{"@type":"WebSite","@id":"https:\/\/www.exploring-umbria.com\/de\/#website","url":"https:\/\/www.exploring-umbria.com\/de\/","name":"Exploring Umbria","description":"your dates, your mood, your trip","publisher":{"@id":"https:\/\/www.exploring-umbria.com\/de\/#organization"},"potentialAction":[{"@type":"SearchAction","target":{"@type":"EntryPoint","urlTemplate":"https:\/\/www.exploring-umbria.com\/de\/?s={search_term_string}"},"query-input":"required name=search_term_string"}],"inLanguage":"de"},{"@type":"ImageObject","@id":"https:\/\/www.exploring-umbria.com\/de\/reiten\/#primaryimage","inLanguage":"de","url":"https:\/\/www.exploring-umbria.com\/wp-content\/uploads\/2019\/05\/CAVALLO-GRUPPO-6.jpg","contentUrl":"https:\/\/www.exploring-umbria.com\/wp-content\/uploads\/2019\/05\/CAVALLO-GRUPPO-6.jpg","width":1800,"height":1283,"caption":"umbria a cavallo"},{"@type":"WebPage","@id":"https:\/\/www.exploring-umbria.com\/de\/reiten\/#webpage","url":"https:\/\/www.exploring-umbria.com\/de\/reiten\/","name":"Reiten - Exploring Umbria","isPartOf":{"@id":"https:\/\/www.exploring-umbria.com\/de\/#website"},"primaryImageOfPage":{"@id":"https:\/\/www.exploring-umbria.com\/de\/reiten\/#primaryimage"},"datePublished":"2019-04-13T16:06:18+00:00","dateModified":"2020-01-03T17:59:20+00:00","description":"Heute kennzeichnet der technologische und kulturelle Fortschritt den Menschen als die fortschrittlichste Spezies auf Erden auf, aber all das w\u00e4re ohne die","breadcrumb":{"@id":"https:\/\/www.exploring-umbria.com\/de\/reiten\/#breadcrumb"},"inLanguage":"de","potentialAction":[{"@type":"ReadAction","target":["https:\/\/www.exploring-umbria.com\/de\/reiten\/"]}]},{"@type":"BreadcrumbList","@id":"https:\/\/www.exploring-umbria.com\/de\/reiten\/#breadcrumb","itemListElement":[{"@type":"ListItem","position":1,"name":"Home","item":"https:\/\/www.exploring-umbria.com\/de\/"},{"@type":"ListItem","position":2,"name":"Reiten"}]}]}},"_links":{"self":[{"href":"https:\/\/www.exploring-umbria.com\/de\/wp-json\/wp\/v2\/pages\/27386"}],"collection":[{"href":"https:\/\/www.exploring-umbria.com\/de\/wp-json\/wp\/v2\/pages"}],"about":[{"href":"https:\/\/www.exploring-umbria.com\/de\/wp-json\/wp\/v2\/types\/page"}],"author":[{"embeddable":true,"href":"https:\/\/www.exploring-umbria.com\/de\/wp-json\/wp\/v2\/users\/4"}],"replies":[{"embeddable":true,"href":"https:\/\/www.exploring-umbria.com\/de\/wp-json\/wp\/v2\/comments?post=27386"}],"version-history":[{"count":2,"href":"https:\/\/www.exploring-umbria.com\/de\/wp-json\/wp\/v2\/pages\/27386\/revisions"}],"predecessor-version":[{"id":27389,"href":"https:\/\/www.exploring-umbria.com\/de\/wp-json\/wp\/v2\/pages\/27386\/revisions\/27389"}],"wp:featuredmedia":[{"embeddable":true,"href":"https:\/\/www.exploring-umbria.com\/de\/wp-json\/wp\/v2\/media\/5645"}],"wp:attachment":[{"href":"https:\/\/www.exploring-umbria.com\/de\/wp-json\/wp\/v2\/media?parent=27386"}],"curies":[{"name":"wp","href":"https:\/\/api.w.org\/{rel}","templated":true}]}}