{"id":27298,"date":"2019-05-22T12:39:13","date_gmt":"2019-05-22T10:39:13","guid":{"rendered":"https:\/\/www.exploring-umbria.com\/i-prodotti-tipici-in-umbria\/"},"modified":"2020-01-03T15:29:35","modified_gmt":"2020-01-03T14:29:35","slug":"einleitung-zur-kulinarischen-tradition-umbriens","status":"publish","type":"page","link":"https:\/\/www.exploring-umbria.com\/de\/einleitung-zur-kulinarischen-tradition-umbriens\/","title":{"rendered":"Einleitung zur kulinarischen Tradition Umbriens"},"content":{"rendered":"<p>Umbrien hat eine starke kulinarische Tradition, in der die Produkte der Region sowie K\u00e4se und Fleisch in allen Zubereitungen besonders hervorgehoben werden. Das bedeutet nicht, dass kein Interesse an Wasserprodukten besteht. Die gro\u00dfen Seen und zahlreichen Fl\u00fcsse erm\u00f6glichen eine intensive Fischerei und damit ausreichend S\u00fc\u00dfwasserfische auf den Tischen der Umbrer.<\/p>\n<p>Fleisch aller Art begleitet umbrische Gerichte sowohl im Alltag als auch zu besonderen Anl\u00e4ssen, aber besonders das Schweinefleisch nimmt traditionsgem\u00e4\u00df einen privilegierten Platz ein. Es wird in der ganzen Region zubereitet und gesch\u00e4tzt und ist fest in den lokalen Traditionen verankert, so dass zahlreiche Gerichte von diesem Fleisch inspiriert sind. <a href=\"https:\/\/www.exploring-umbria.com\/en\/activities\/guided-tour-of-norcia\/\" target=\"_blank\" rel=\"noopener\">Norcia<\/a> zum Beispiel ist besonders bekannt f\u00fcr die Verarbeitung von Schweinefleisch, dies bezeugt auch die Tatsache, dass der Begriff \u201eNorcino\u201c aus dieser Stadt kommt. Sein Ursprung liegt in der Antike, aber es scheint, dass die erfahrensten Meister der Kunst des Schlachtens von Schweinen und der Verarbeitung von Schweinefleisch aus Norcia kamen und selbst aus entfernten Gegenden beauftragt wurden.\u00a0 Unter all den raffinierten Produkten ist der Prosciutto di Norcia, der sogar die Benennung gesch\u00fctzte geografische Angabe (g.g.A.) erhalten hat, die Spitzenleistung par excellence.<\/p>\n<p>Aber die Umbrer leben nicht nur von Schweinefleisch, sondern auch die Tradition von Gerichten mit Lamm- und Rindfleisch (Umbrien ist eines der Gebiete, f\u00fcr das \u00a0die g.g.A. f\u00fcr \u201eLamm aus Mittelitalien\u201c und die g.g.A. f\u00fcr \u201ewei\u00dfes Kalb des Mittelapennins\u201c anerkannt ist) und Wild wie Wildschwein, Hirsch, Perlhuhn, Fasan und verschiedene kleinere V\u00f6gel ist stark ausgepr\u00e4gt.<\/p>\n<p>Nicht zu untersch\u00e4tzen sind neben den vorhandenen Fleischsorten auch die verschiedenen Gem\u00fcsearten und H\u00fclsenfr\u00fcchte, an denen die umbrische K\u00fcche reich ist. Wenn Sie verschiedene Restaurants, Tavernen, Trattorien oder Bauernh\u00f6fe aufsuchen, k\u00f6nnen Sie sicher sein, dass Sie kalte oder warme Gerichte, Salate oder Suppen mit Linsen, Dinkel, Gerste, Bohnen oder Platterbsen finden.<\/p>\n<p>Auch dank dieser Produkte mit starkem und entschlossenem Geschmack dr\u00fcckt die umbrische K\u00fcche in ihren typischen Gerichten die Einfachheit der l\u00e4ndlichen Tradition aus und hebt die Echtheit der verwendeten Zutaten hervor. Alles, was Sie tun m\u00fcssen, ist die Region bereisen und Bauern\u00f6fe oder Restaurants aufsuchen, die den sch\u00f6nsten Ausblick bieten, um die Bedeutung dieser K\u00fcche zu verstehen. Sie werden immer mehr Geschmacksrichtungen und verschiedene Geschmacksnuancen ausprobieren wollen, darunter das ber\u00fchmte \u201eSciapo-Brot\u201c, das oft von Touristen und G\u00e4sten kritisiert wird. Aber probieren Sie ein Sandwich mit Wurst aus der Rgion und diesem Brot\u00a0 &#8211; es wird wie ein \u201eGeschmacksschlag\u201c im Mund anf\u00fchlen. Das Brot erscheint wie ausschlie\u00dflich daf\u00fcr entstanden, um mit gereiften Wurst- und Fleischwaren kombiniert zu werden. Und in dieser Kombination werden auch Sie es sch\u00e4tzen. Dieses Fleisch oder gebratene W\u00fcrstchen oder sogar Stracchino sollten Sie mit der ber\u00fchmten \u201eTorta al Testo\u201c (oder \u201eCrescia\u201c je nach dem Gebiet Umbriens, in dem Sie sich befinden) probieren. Bekannt bei jedem Umbrer, aber von allen gesch\u00e4tzt. Eine Art Focaccia, traditionell nur mit Wasser und Mehl zubereitet (obwohl es auch Variationen gibt) und in einem \u201eTesto\u201c, also in einer Pfanne aus Gusseisen zwischen Glut und Asche gebacken. Sie werden es \u00fcberall finden, wo Sie essen, und es wie ein normales Brot genie\u00dfen oder f\u00fcllen k\u00f6nnen. Wie auch immer Sie sich entscheiden, es zu probieren, Sie werden begeistert sein und Ihren Koffer damit f\u00fcllen wollen, um es auch Zuhause noch genie\u00dfen zu k\u00f6nnen. Aber andererseits ist die Zubereitung nicht schwierig. Und da die Umbrer ein gro\u00dfes Herz haben, werden sie Ihnen mit Sicherheit beibringen, wie das Brot zubereitet wird. Wahrscheinlich sind sie sogar stolz darauf, dass sie Ihnen ein St\u00fcck ihrer Tradition mitgeben k\u00f6nnen.<\/p>\n<p>Irgendwie scheint jedes Dorf, jeder Ort und jede Stadt an den Produkten festhalten zu wollen, die die verschiedenen kulinarischen Ver\u00e4nderungen gepr\u00e4gt haben. Jede Gegend Umbriens kann sich mit ihrem typischen Produkt r\u00fchmen. Jeder kleine Ort hebt seine Besonderheit hervor, Vorz\u00fcglichkeiten der alten kulinarischen Tradition Italiens. Spanferkel in Costano, Zwiebel in Cannara, Tr\u00fcffel in Valnerina und Norcia, Aal in Trasimeno, Brot in Strettura, Salami in Colfiorito, Crescionda (Torte aus Amaretti) in Spoleto und viele andere Produkte werden typischerweise mit einzelnen D\u00f6rfern in Verbindung gebracht.<\/p>\n<p>Ein typisch italienisches Ereignis ist das Dorffest, das in Umbrien auf ganz besondere Weise gefeiert wird. Viele Dorffeste werden organisiert und mit ihnen wird jede kleine Spezialit\u00e4t und jeder kleine Ort wie auch jedes Veiertel gefiert. In der Regel dauern diese Feste in Umbrien zwischen 7 und 10 Tage an denen abends Musik, Spiele und Unterhaltung, aber vor allem kulinarische Stationen geboten werden (die bei einigen Festen insgesamt 1.000 Sitzpl\u00e4tze umfassen). An diesen Stationen bieten die Einheimischen zu sehr niedrigen Preisen alle typischen Gerichte ihres anderer umbrischer Gebiete an. Wenn Sie nun glauben, dass diese Veranstaltungen haupts\u00e4chlich von Touristen besucht werden, dann t\u00e4uschen Sie sich. In der Tat kommen haupts\u00e4chlich und manchmal sogar ausschlie\u00dflich Einheimische zu diesen Festen, die sich die Gelegenheit eines gro\u00dfartigen, kosteng\u00fcnstigen Essens in netter Gesellschaft nicht entgehen lassen.<\/p>\n","protected":false},"excerpt":{"rendered":"<p>Umbrien hat eine starke kulinarische Tradition, in der die Produkte der Region sowie K\u00e4se und Fleisch in allen Zubereitungen besonders hervorgehoben werden. Das bedeutet nicht, dass kein Interesse an Wasserprodukten besteht. Die gro\u00dfen Seen und zahlreichen Fl\u00fcsse erm\u00f6glichen eine intensive Fischerei und damit ausreichend S\u00fc\u00dfwasserfische auf den Tischen der Umbrer. Fleisch aller Art begleitet umbrische [&hellip;]<\/p>\n","protected":false},"author":4,"featured_media":24093,"parent":0,"menu_order":0,"comment_status":"closed","ping_status":"closed","template":"","meta":{"om_disable_all_campaigns":false,"_monsterinsights_skip_tracking":false,"_monsterinsights_sitenote_active":false,"_monsterinsights_sitenote_note":"","_monsterinsights_sitenote_category":0},"acf":[],"yoast_head":"<!-- This site is optimized with the Yoast SEO plugin v18.4.1 - https:\/\/yoast.com\/wordpress\/plugins\/seo\/ -->\n<title>Einleitung zur kulinarischen Tradition Umbriens - Exploring Umbria<\/title>\n<meta name=\"description\" content=\"Umbrien hat eine starke kulinarische Tradition, in der die Produkte der Region sowie K\u00e4se und Fleisch in allen Zubereitungen besonders hervorgehoben\" \/>\n<meta name=\"robots\" content=\"index, follow, max-snippet:-1, max-image-preview:large, max-video-preview:-1\" \/>\n<link rel=\"canonical\" href=\"https:\/\/www.exploring-umbria.com\/de\/einleitung-zur-kulinarischen-tradition-umbriens\/\" \/>\n<meta property=\"og:locale\" content=\"de_DE\" \/>\n<meta property=\"og:type\" content=\"article\" \/>\n<meta property=\"og:title\" content=\"Einleitung zur kulinarischen Tradition Umbriens - Exploring Umbria\" \/>\n<meta property=\"og:description\" content=\"Umbrien hat eine starke kulinarische Tradition, in der die Produkte der Region sowie K\u00e4se und Fleisch in allen Zubereitungen besonders hervorgehoben\" \/>\n<meta property=\"og:url\" content=\"https:\/\/www.exploring-umbria.com\/de\/einleitung-zur-kulinarischen-tradition-umbriens\/\" \/>\n<meta property=\"og:site_name\" content=\"Exploring Umbria\" \/>\n<meta property=\"article:publisher\" content=\"https:\/\/www.facebook.com\/exploringumbria\/\" \/>\n<meta property=\"article:modified_time\" content=\"2020-01-03T14:29:35+00:00\" \/>\n<meta property=\"og:image\" content=\"https:\/\/www.exploring-umbria.com\/wp-content\/uploads\/2019\/11\/707baa985b0315c425231fea2496760c.jpg\" \/>\n\t<meta property=\"og:image:width\" content=\"720\" \/>\n\t<meta property=\"og:image:height\" content=\"720\" \/>\n\t<meta property=\"og:image:type\" content=\"image\/jpeg\" \/>\n<meta name=\"twitter:card\" content=\"summary_large_image\" \/>\n<meta name=\"twitter:label1\" content=\"Gesch\u00e4tzte Lesezeit\" \/>\n\t<meta name=\"twitter:data1\" content=\"4\u00a0Minuten\" \/>\n<script type=\"application\/ld+json\" class=\"yoast-schema-graph\">{\"@context\":\"https:\/\/schema.org\",\"@graph\":[{\"@type\":\"Organization\",\"@id\":\"https:\/\/www.exploring-umbria.com\/de\/#organization\",\"name\":\"Exploring Umbria\",\"url\":\"https:\/\/www.exploring-umbria.com\/de\/\",\"sameAs\":[\"https:\/\/www.facebook.com\/exploringumbria\/\",\"https:\/\/www.instagram.com\/exploringumbria\/\"],\"logo\":{\"@type\":\"ImageObject\",\"@id\":\"https:\/\/www.exploring-umbria.com\/de\/#logo\",\"inLanguage\":\"de\",\"url\":\"https:\/\/www.exploring-umbria.com\/wp-content\/uploads\/2019\/08\/solo-logo-verde.jpg\",\"contentUrl\":\"https:\/\/www.exploring-umbria.com\/wp-content\/uploads\/2019\/08\/solo-logo-verde.jpg\",\"width\":952,\"height\":532,\"caption\":\"Exploring Umbria\"},\"image\":{\"@id\":\"https:\/\/www.exploring-umbria.com\/de\/#logo\"}},{\"@type\":\"WebSite\",\"@id\":\"https:\/\/www.exploring-umbria.com\/de\/#website\",\"url\":\"https:\/\/www.exploring-umbria.com\/de\/\",\"name\":\"Exploring Umbria\",\"description\":\"your dates, your mood, your trip\",\"publisher\":{\"@id\":\"https:\/\/www.exploring-umbria.com\/de\/#organization\"},\"potentialAction\":[{\"@type\":\"SearchAction\",\"target\":{\"@type\":\"EntryPoint\",\"urlTemplate\":\"https:\/\/www.exploring-umbria.com\/de\/?s={search_term_string}\"},\"query-input\":\"required name=search_term_string\"}],\"inLanguage\":\"de\"},{\"@type\":\"ImageObject\",\"@id\":\"https:\/\/www.exploring-umbria.com\/de\/einleitung-zur-kulinarischen-tradition-umbriens\/#primaryimage\",\"inLanguage\":\"de\",\"url\":\"https:\/\/www.exploring-umbria.com\/wp-content\/uploads\/2019\/11\/707baa985b0315c425231fea2496760c.jpg\",\"contentUrl\":\"https:\/\/www.exploring-umbria.com\/wp-content\/uploads\/2019\/11\/707baa985b0315c425231fea2496760c.jpg\",\"width\":720,\"height\":720,\"caption\":\"uno dei prodotti tipici dell'umbria\"},{\"@type\":\"WebPage\",\"@id\":\"https:\/\/www.exploring-umbria.com\/de\/einleitung-zur-kulinarischen-tradition-umbriens\/#webpage\",\"url\":\"https:\/\/www.exploring-umbria.com\/de\/einleitung-zur-kulinarischen-tradition-umbriens\/\",\"name\":\"Einleitung zur kulinarischen Tradition Umbriens - Exploring Umbria\",\"isPartOf\":{\"@id\":\"https:\/\/www.exploring-umbria.com\/de\/#website\"},\"primaryImageOfPage\":{\"@id\":\"https:\/\/www.exploring-umbria.com\/de\/einleitung-zur-kulinarischen-tradition-umbriens\/#primaryimage\"},\"datePublished\":\"2019-05-22T10:39:13+00:00\",\"dateModified\":\"2020-01-03T14:29:35+00:00\",\"description\":\"Umbrien hat eine starke kulinarische Tradition, in der die Produkte der Region sowie K\u00e4se und Fleisch in allen Zubereitungen besonders hervorgehoben\",\"breadcrumb\":{\"@id\":\"https:\/\/www.exploring-umbria.com\/de\/einleitung-zur-kulinarischen-tradition-umbriens\/#breadcrumb\"},\"inLanguage\":\"de\",\"potentialAction\":[{\"@type\":\"ReadAction\",\"target\":[\"https:\/\/www.exploring-umbria.com\/de\/einleitung-zur-kulinarischen-tradition-umbriens\/\"]}]},{\"@type\":\"BreadcrumbList\",\"@id\":\"https:\/\/www.exploring-umbria.com\/de\/einleitung-zur-kulinarischen-tradition-umbriens\/#breadcrumb\",\"itemListElement\":[{\"@type\":\"ListItem\",\"position\":1,\"name\":\"Home\",\"item\":\"https:\/\/www.exploring-umbria.com\/de\/\"},{\"@type\":\"ListItem\",\"position\":2,\"name\":\"Einleitung zur kulinarischen Tradition Umbriens\"}]}]}<\/script>\n<!-- \/ Yoast SEO plugin. -->","yoast_head_json":{"title":"Einleitung zur kulinarischen Tradition Umbriens - Exploring Umbria","description":"Umbrien hat eine starke kulinarische Tradition, in der die Produkte der Region sowie K\u00e4se und Fleisch in allen Zubereitungen besonders hervorgehoben","robots":{"index":"index","follow":"follow","max-snippet":"max-snippet:-1","max-image-preview":"max-image-preview:large","max-video-preview":"max-video-preview:-1"},"canonical":"https:\/\/www.exploring-umbria.com\/de\/einleitung-zur-kulinarischen-tradition-umbriens\/","og_locale":"de_DE","og_type":"article","og_title":"Einleitung zur kulinarischen Tradition Umbriens - Exploring Umbria","og_description":"Umbrien hat eine starke kulinarische Tradition, in der die Produkte der Region sowie K\u00e4se und Fleisch in allen Zubereitungen besonders hervorgehoben","og_url":"https:\/\/www.exploring-umbria.com\/de\/einleitung-zur-kulinarischen-tradition-umbriens\/","og_site_name":"Exploring Umbria","article_publisher":"https:\/\/www.facebook.com\/exploringumbria\/","article_modified_time":"2020-01-03T14:29:35+00:00","og_image":[{"width":720,"height":720,"url":"https:\/\/www.exploring-umbria.com\/wp-content\/uploads\/2019\/11\/707baa985b0315c425231fea2496760c.jpg","type":"image\/jpeg"}],"twitter_card":"summary_large_image","twitter_misc":{"Gesch\u00e4tzte Lesezeit":"4\u00a0Minuten"},"schema":{"@context":"https:\/\/schema.org","@graph":[{"@type":"Organization","@id":"https:\/\/www.exploring-umbria.com\/de\/#organization","name":"Exploring Umbria","url":"https:\/\/www.exploring-umbria.com\/de\/","sameAs":["https:\/\/www.facebook.com\/exploringumbria\/","https:\/\/www.instagram.com\/exploringumbria\/"],"logo":{"@type":"ImageObject","@id":"https:\/\/www.exploring-umbria.com\/de\/#logo","inLanguage":"de","url":"https:\/\/www.exploring-umbria.com\/wp-content\/uploads\/2019\/08\/solo-logo-verde.jpg","contentUrl":"https:\/\/www.exploring-umbria.com\/wp-content\/uploads\/2019\/08\/solo-logo-verde.jpg","width":952,"height":532,"caption":"Exploring Umbria"},"image":{"@id":"https:\/\/www.exploring-umbria.com\/de\/#logo"}},{"@type":"WebSite","@id":"https:\/\/www.exploring-umbria.com\/de\/#website","url":"https:\/\/www.exploring-umbria.com\/de\/","name":"Exploring Umbria","description":"your dates, your mood, your trip","publisher":{"@id":"https:\/\/www.exploring-umbria.com\/de\/#organization"},"potentialAction":[{"@type":"SearchAction","target":{"@type":"EntryPoint","urlTemplate":"https:\/\/www.exploring-umbria.com\/de\/?s={search_term_string}"},"query-input":"required name=search_term_string"}],"inLanguage":"de"},{"@type":"ImageObject","@id":"https:\/\/www.exploring-umbria.com\/de\/einleitung-zur-kulinarischen-tradition-umbriens\/#primaryimage","inLanguage":"de","url":"https:\/\/www.exploring-umbria.com\/wp-content\/uploads\/2019\/11\/707baa985b0315c425231fea2496760c.jpg","contentUrl":"https:\/\/www.exploring-umbria.com\/wp-content\/uploads\/2019\/11\/707baa985b0315c425231fea2496760c.jpg","width":720,"height":720,"caption":"uno dei prodotti tipici dell'umbria"},{"@type":"WebPage","@id":"https:\/\/www.exploring-umbria.com\/de\/einleitung-zur-kulinarischen-tradition-umbriens\/#webpage","url":"https:\/\/www.exploring-umbria.com\/de\/einleitung-zur-kulinarischen-tradition-umbriens\/","name":"Einleitung zur kulinarischen Tradition Umbriens - Exploring Umbria","isPartOf":{"@id":"https:\/\/www.exploring-umbria.com\/de\/#website"},"primaryImageOfPage":{"@id":"https:\/\/www.exploring-umbria.com\/de\/einleitung-zur-kulinarischen-tradition-umbriens\/#primaryimage"},"datePublished":"2019-05-22T10:39:13+00:00","dateModified":"2020-01-03T14:29:35+00:00","description":"Umbrien hat eine starke kulinarische Tradition, in der die Produkte der Region sowie K\u00e4se und Fleisch in allen Zubereitungen besonders hervorgehoben","breadcrumb":{"@id":"https:\/\/www.exploring-umbria.com\/de\/einleitung-zur-kulinarischen-tradition-umbriens\/#breadcrumb"},"inLanguage":"de","potentialAction":[{"@type":"ReadAction","target":["https:\/\/www.exploring-umbria.com\/de\/einleitung-zur-kulinarischen-tradition-umbriens\/"]}]},{"@type":"BreadcrumbList","@id":"https:\/\/www.exploring-umbria.com\/de\/einleitung-zur-kulinarischen-tradition-umbriens\/#breadcrumb","itemListElement":[{"@type":"ListItem","position":1,"name":"Home","item":"https:\/\/www.exploring-umbria.com\/de\/"},{"@type":"ListItem","position":2,"name":"Einleitung zur kulinarischen Tradition Umbriens"}]}]}},"_links":{"self":[{"href":"https:\/\/www.exploring-umbria.com\/de\/wp-json\/wp\/v2\/pages\/27298"}],"collection":[{"href":"https:\/\/www.exploring-umbria.com\/de\/wp-json\/wp\/v2\/pages"}],"about":[{"href":"https:\/\/www.exploring-umbria.com\/de\/wp-json\/wp\/v2\/types\/page"}],"author":[{"embeddable":true,"href":"https:\/\/www.exploring-umbria.com\/de\/wp-json\/wp\/v2\/users\/4"}],"replies":[{"embeddable":true,"href":"https:\/\/www.exploring-umbria.com\/de\/wp-json\/wp\/v2\/comments?post=27298"}],"version-history":[{"count":3,"href":"https:\/\/www.exploring-umbria.com\/de\/wp-json\/wp\/v2\/pages\/27298\/revisions"}],"predecessor-version":[{"id":27302,"href":"https:\/\/www.exploring-umbria.com\/de\/wp-json\/wp\/v2\/pages\/27298\/revisions\/27302"}],"wp:featuredmedia":[{"embeddable":true,"href":"https:\/\/www.exploring-umbria.com\/de\/wp-json\/wp\/v2\/media\/24093"}],"wp:attachment":[{"href":"https:\/\/www.exploring-umbria.com\/de\/wp-json\/wp\/v2\/media?parent=27298"}],"curies":[{"name":"wp","href":"https:\/\/api.w.org\/{rel}","templated":true}]}}