{"id":27282,"date":"2019-05-02T18:55:58","date_gmt":"2019-05-02T16:55:58","guid":{"rendered":"https:\/\/www.exploring-umbria.com\/parks-und-seen\/parco-regionale-del-fiume-tevere\/"},"modified":"2020-01-03T11:33:49","modified_gmt":"2020-01-03T10:33:49","slug":"regionalpark-am-fluss-tiber","status":"publish","type":"page","link":"https:\/\/www.exploring-umbria.com\/de\/parks-und-seen\/regionalpark-am-fluss-tiber\/","title":{"rendered":"Regionalpark am Fluss Tiber"},"content":{"rendered":"<p>Bevor der Tiber in Rom ankommt und zu einem der wichtigsten und ber\u00fchmtesten Fl\u00fcsse der Welt wird, durchquert er auch Umbrien, und sein Verlauf wird gr\u00f6\u00dftenteils durch einen Regionalpark gesch\u00fctzt, der sich \u00fcber eine Fl\u00e4che von 7.000 Hektar auf einem Gebiet von sieben Gemeinden erstreckt.<\/p>\n<p>Der Fluss wird seit Anbeginn der Zeit von Menschen befahren und bewohnt. Dank ihm konnten die R\u00f6mer in die Gebiete der umbrischen und etruskischen V\u00f6lker vordringen und den Grundstein f\u00fcr ihre Kolonisierung legen. Das Gebiet des Parks ist in der Tat \u00fcbers\u00e4t mit arch\u00e4ologischen \u00dcberresten und alten D\u00f6rfern. <a href=\"https:\/\/www.exploring-umbria.com\/de\/subcategories\/cosa-fare-e-cosa-vedere-ad-orvieto\/#heading3015\" target=\"_blank\" rel=\"noopener\"><strong>Orvieto<\/strong> <\/a>erhebt sich in der N\u00e4he dieses Gebietes und auch das historische Zentrum von <a href=\"https:\/\/www.exploring-umbria.com\/de\/subcategories\/cosa-fare-e-cosa-vedere-a-todi\/#heading2946\" target=\"_blank\" rel=\"noopener\"><strong>Todi<\/strong> <\/a>liegt innerhalb der Grenzen des Parks. Trotz der Eingriffe und der Arbeit der Menschen ist es nicht gelungen, die ansprechende Harmonie zu ver\u00e4ndern, die im Laufe der Jahrhunderte mit der wilden Umwelt entstanden ist. Im Gegenteil, in diesem Fall scheinen das Werk des Menschen und jenes der Natur eine Symbiose einzugehen. Der See <strong>Lago di Corbara<\/strong>, ein k\u00fcnstliches Reservoir zur Stromerzeugung, verbirgt sich mit seinen Ausl\u00e4ufern in den T\u00e4ler und gibt Einblicke in sehr seltene Landschaften wie die Schlucht <strong>Gola del Forello<\/strong>. Weiter talw\u00e4rts verschmelzen die Flussbiegungen zu einem sumpfigen Naturschutzgebiet namens <strong>Oasi d&#8217;Alviano<\/strong>, ebenfalls k\u00fcnstlichen Ursprungs, das vom WWF gesch\u00fctzt ist: einer der Orte, an dem w\u00e4hrend der Zugzeit die gr\u00f6\u00dften Vogelsammlungen stattfinden.<\/p>\n","protected":false},"excerpt":{"rendered":"<p>Bevor der Tiber in Rom ankommt und zu einem der wichtigsten und ber\u00fchmtesten Fl\u00fcsse der Welt wird, durchquert er auch Umbrien, und sein Verlauf wird gr\u00f6\u00dftenteils durch einen Regionalpark gesch\u00fctzt, der sich \u00fcber eine Fl\u00e4che von 7.000 Hektar auf einem Gebiet von sieben Gemeinden erstreckt. Der Fluss wird seit Anbeginn der Zeit von Menschen befahren [&hellip;]<\/p>\n","protected":false},"author":3,"featured_media":17290,"parent":27214,"menu_order":0,"comment_status":"closed","ping_status":"closed","template":"","meta":{"om_disable_all_campaigns":false,"_monsterinsights_skip_tracking":false,"_monsterinsights_sitenote_active":false,"_monsterinsights_sitenote_note":"","_monsterinsights_sitenote_category":0},"acf":[],"yoast_head":"<!-- This site is optimized with the Yoast SEO plugin v18.4.1 - https:\/\/yoast.com\/wordpress\/plugins\/seo\/ -->\n<title>Regionalpark am Fluss Tiber - Exploring Umbria<\/title>\n<meta name=\"description\" content=\"Bevor der Tiber in Rom ankommt und zu einem der wichtigsten und ber\u00fchmtesten Fl\u00fcsse der Welt wird, durchquert er auch Umbrien, und sein Verlauf wird\" \/>\n<meta name=\"robots\" content=\"index, follow, max-snippet:-1, max-image-preview:large, max-video-preview:-1\" \/>\n<link rel=\"canonical\" href=\"https:\/\/www.exploring-umbria.com\/de\/parks-und-seen\/regionalpark-am-fluss-tiber\/\" \/>\n<meta property=\"og:locale\" content=\"de_DE\" \/>\n<meta property=\"og:type\" content=\"article\" \/>\n<meta property=\"og:title\" content=\"Regionalpark am Fluss Tiber - Exploring Umbria\" \/>\n<meta property=\"og:description\" content=\"Bevor der Tiber in Rom ankommt und zu einem der wichtigsten und ber\u00fchmtesten Fl\u00fcsse der Welt wird, durchquert er auch Umbrien, und sein Verlauf wird\" \/>\n<meta property=\"og:url\" content=\"https:\/\/www.exploring-umbria.com\/de\/parks-und-seen\/regionalpark-am-fluss-tiber\/\" \/>\n<meta property=\"og:site_name\" content=\"Exploring Umbria\" \/>\n<meta property=\"article:publisher\" content=\"https:\/\/www.facebook.com\/exploringumbria\/\" \/>\n<meta property=\"article:modified_time\" content=\"2020-01-03T10:33:49+00:00\" \/>\n<meta property=\"og:image\" content=\"https:\/\/www.exploring-umbria.com\/wp-content\/uploads\/2019\/07\/terni-fiume-nera-autounno.jpg\" \/>\n\t<meta property=\"og:image:width\" content=\"1800\" \/>\n\t<meta property=\"og:image:height\" content=\"1143\" \/>\n\t<meta property=\"og:image:type\" content=\"image\/jpeg\" \/>\n<meta name=\"twitter:card\" content=\"summary_large_image\" \/>\n<meta name=\"twitter:label1\" content=\"Gesch\u00e4tzte Lesezeit\" \/>\n\t<meta name=\"twitter:data1\" content=\"1\u00a0Minute\" \/>\n<script type=\"application\/ld+json\" class=\"yoast-schema-graph\">{\"@context\":\"https:\/\/schema.org\",\"@graph\":[{\"@type\":\"Organization\",\"@id\":\"https:\/\/www.exploring-umbria.com\/de\/#organization\",\"name\":\"Exploring Umbria\",\"url\":\"https:\/\/www.exploring-umbria.com\/de\/\",\"sameAs\":[\"https:\/\/www.facebook.com\/exploringumbria\/\",\"https:\/\/www.instagram.com\/exploringumbria\/\"],\"logo\":{\"@type\":\"ImageObject\",\"@id\":\"https:\/\/www.exploring-umbria.com\/de\/#logo\",\"inLanguage\":\"de\",\"url\":\"https:\/\/www.exploring-umbria.com\/wp-content\/uploads\/2019\/08\/solo-logo-verde.jpg\",\"contentUrl\":\"https:\/\/www.exploring-umbria.com\/wp-content\/uploads\/2019\/08\/solo-logo-verde.jpg\",\"width\":952,\"height\":532,\"caption\":\"Exploring Umbria\"},\"image\":{\"@id\":\"https:\/\/www.exploring-umbria.com\/de\/#logo\"}},{\"@type\":\"WebSite\",\"@id\":\"https:\/\/www.exploring-umbria.com\/de\/#website\",\"url\":\"https:\/\/www.exploring-umbria.com\/de\/\",\"name\":\"Exploring Umbria\",\"description\":\"your dates, your mood, your trip\",\"publisher\":{\"@id\":\"https:\/\/www.exploring-umbria.com\/de\/#organization\"},\"potentialAction\":[{\"@type\":\"SearchAction\",\"target\":{\"@type\":\"EntryPoint\",\"urlTemplate\":\"https:\/\/www.exploring-umbria.com\/de\/?s={search_term_string}\"},\"query-input\":\"required name=search_term_string\"}],\"inLanguage\":\"de\"},{\"@type\":\"ImageObject\",\"@id\":\"https:\/\/www.exploring-umbria.com\/de\/parks-und-seen\/regionalpark-am-fluss-tiber\/#primaryimage\",\"inLanguage\":\"de\",\"url\":\"https:\/\/www.exploring-umbria.com\/wp-content\/uploads\/2019\/07\/terni-fiume-nera-autounno.jpg\",\"contentUrl\":\"https:\/\/www.exploring-umbria.com\/wp-content\/uploads\/2019\/07\/terni-fiume-nera-autounno.jpg\",\"width\":1800,\"height\":1143,\"caption\":\"parco regionale del fiume tevere\"},{\"@type\":\"WebPage\",\"@id\":\"https:\/\/www.exploring-umbria.com\/de\/parks-und-seen\/regionalpark-am-fluss-tiber\/#webpage\",\"url\":\"https:\/\/www.exploring-umbria.com\/de\/parks-und-seen\/regionalpark-am-fluss-tiber\/\",\"name\":\"Regionalpark am Fluss Tiber - Exploring Umbria\",\"isPartOf\":{\"@id\":\"https:\/\/www.exploring-umbria.com\/de\/#website\"},\"primaryImageOfPage\":{\"@id\":\"https:\/\/www.exploring-umbria.com\/de\/parks-und-seen\/regionalpark-am-fluss-tiber\/#primaryimage\"},\"datePublished\":\"2019-05-02T16:55:58+00:00\",\"dateModified\":\"2020-01-03T10:33:49+00:00\",\"description\":\"Bevor der Tiber in Rom ankommt und zu einem der wichtigsten und ber\u00fchmtesten Fl\u00fcsse der Welt wird, durchquert er auch Umbrien, und sein Verlauf wird\",\"breadcrumb\":{\"@id\":\"https:\/\/www.exploring-umbria.com\/de\/parks-und-seen\/regionalpark-am-fluss-tiber\/#breadcrumb\"},\"inLanguage\":\"de\",\"potentialAction\":[{\"@type\":\"ReadAction\",\"target\":[\"https:\/\/www.exploring-umbria.com\/de\/parks-und-seen\/regionalpark-am-fluss-tiber\/\"]}]},{\"@type\":\"BreadcrumbList\",\"@id\":\"https:\/\/www.exploring-umbria.com\/de\/parks-und-seen\/regionalpark-am-fluss-tiber\/#breadcrumb\",\"itemListElement\":[{\"@type\":\"ListItem\",\"position\":1,\"name\":\"Home\",\"item\":\"https:\/\/www.exploring-umbria.com\/de\/\"},{\"@type\":\"ListItem\",\"position\":2,\"name\":\"Parks und Seen\",\"item\":\"https:\/\/www.exploring-umbria.com\/de\/parks-und-seen\/\"},{\"@type\":\"ListItem\",\"position\":3,\"name\":\"Regionalpark am Fluss Tiber\"}]}]}<\/script>\n<!-- \/ Yoast SEO plugin. -->","yoast_head_json":{"title":"Regionalpark am Fluss Tiber - Exploring Umbria","description":"Bevor der Tiber in Rom ankommt und zu einem der wichtigsten und ber\u00fchmtesten Fl\u00fcsse der Welt wird, durchquert er auch Umbrien, und sein Verlauf wird","robots":{"index":"index","follow":"follow","max-snippet":"max-snippet:-1","max-image-preview":"max-image-preview:large","max-video-preview":"max-video-preview:-1"},"canonical":"https:\/\/www.exploring-umbria.com\/de\/parks-und-seen\/regionalpark-am-fluss-tiber\/","og_locale":"de_DE","og_type":"article","og_title":"Regionalpark am Fluss Tiber - Exploring Umbria","og_description":"Bevor der Tiber in Rom ankommt und zu einem der wichtigsten und ber\u00fchmtesten Fl\u00fcsse der Welt wird, durchquert er auch Umbrien, und sein Verlauf wird","og_url":"https:\/\/www.exploring-umbria.com\/de\/parks-und-seen\/regionalpark-am-fluss-tiber\/","og_site_name":"Exploring Umbria","article_publisher":"https:\/\/www.facebook.com\/exploringumbria\/","article_modified_time":"2020-01-03T10:33:49+00:00","og_image":[{"width":1800,"height":1143,"url":"https:\/\/www.exploring-umbria.com\/wp-content\/uploads\/2019\/07\/terni-fiume-nera-autounno.jpg","type":"image\/jpeg"}],"twitter_card":"summary_large_image","twitter_misc":{"Gesch\u00e4tzte Lesezeit":"1\u00a0Minute"},"schema":{"@context":"https:\/\/schema.org","@graph":[{"@type":"Organization","@id":"https:\/\/www.exploring-umbria.com\/de\/#organization","name":"Exploring Umbria","url":"https:\/\/www.exploring-umbria.com\/de\/","sameAs":["https:\/\/www.facebook.com\/exploringumbria\/","https:\/\/www.instagram.com\/exploringumbria\/"],"logo":{"@type":"ImageObject","@id":"https:\/\/www.exploring-umbria.com\/de\/#logo","inLanguage":"de","url":"https:\/\/www.exploring-umbria.com\/wp-content\/uploads\/2019\/08\/solo-logo-verde.jpg","contentUrl":"https:\/\/www.exploring-umbria.com\/wp-content\/uploads\/2019\/08\/solo-logo-verde.jpg","width":952,"height":532,"caption":"Exploring Umbria"},"image":{"@id":"https:\/\/www.exploring-umbria.com\/de\/#logo"}},{"@type":"WebSite","@id":"https:\/\/www.exploring-umbria.com\/de\/#website","url":"https:\/\/www.exploring-umbria.com\/de\/","name":"Exploring Umbria","description":"your dates, your mood, your trip","publisher":{"@id":"https:\/\/www.exploring-umbria.com\/de\/#organization"},"potentialAction":[{"@type":"SearchAction","target":{"@type":"EntryPoint","urlTemplate":"https:\/\/www.exploring-umbria.com\/de\/?s={search_term_string}"},"query-input":"required name=search_term_string"}],"inLanguage":"de"},{"@type":"ImageObject","@id":"https:\/\/www.exploring-umbria.com\/de\/parks-und-seen\/regionalpark-am-fluss-tiber\/#primaryimage","inLanguage":"de","url":"https:\/\/www.exploring-umbria.com\/wp-content\/uploads\/2019\/07\/terni-fiume-nera-autounno.jpg","contentUrl":"https:\/\/www.exploring-umbria.com\/wp-content\/uploads\/2019\/07\/terni-fiume-nera-autounno.jpg","width":1800,"height":1143,"caption":"parco regionale del fiume tevere"},{"@type":"WebPage","@id":"https:\/\/www.exploring-umbria.com\/de\/parks-und-seen\/regionalpark-am-fluss-tiber\/#webpage","url":"https:\/\/www.exploring-umbria.com\/de\/parks-und-seen\/regionalpark-am-fluss-tiber\/","name":"Regionalpark am Fluss Tiber - Exploring Umbria","isPartOf":{"@id":"https:\/\/www.exploring-umbria.com\/de\/#website"},"primaryImageOfPage":{"@id":"https:\/\/www.exploring-umbria.com\/de\/parks-und-seen\/regionalpark-am-fluss-tiber\/#primaryimage"},"datePublished":"2019-05-02T16:55:58+00:00","dateModified":"2020-01-03T10:33:49+00:00","description":"Bevor der Tiber in Rom ankommt und zu einem der wichtigsten und ber\u00fchmtesten Fl\u00fcsse der Welt wird, durchquert er auch Umbrien, und sein Verlauf wird","breadcrumb":{"@id":"https:\/\/www.exploring-umbria.com\/de\/parks-und-seen\/regionalpark-am-fluss-tiber\/#breadcrumb"},"inLanguage":"de","potentialAction":[{"@type":"ReadAction","target":["https:\/\/www.exploring-umbria.com\/de\/parks-und-seen\/regionalpark-am-fluss-tiber\/"]}]},{"@type":"BreadcrumbList","@id":"https:\/\/www.exploring-umbria.com\/de\/parks-und-seen\/regionalpark-am-fluss-tiber\/#breadcrumb","itemListElement":[{"@type":"ListItem","position":1,"name":"Home","item":"https:\/\/www.exploring-umbria.com\/de\/"},{"@type":"ListItem","position":2,"name":"Parks und Seen","item":"https:\/\/www.exploring-umbria.com\/de\/parks-und-seen\/"},{"@type":"ListItem","position":3,"name":"Regionalpark am Fluss Tiber"}]}]}},"_links":{"self":[{"href":"https:\/\/www.exploring-umbria.com\/de\/wp-json\/wp\/v2\/pages\/27282"}],"collection":[{"href":"https:\/\/www.exploring-umbria.com\/de\/wp-json\/wp\/v2\/pages"}],"about":[{"href":"https:\/\/www.exploring-umbria.com\/de\/wp-json\/wp\/v2\/types\/page"}],"author":[{"embeddable":true,"href":"https:\/\/www.exploring-umbria.com\/de\/wp-json\/wp\/v2\/users\/3"}],"replies":[{"embeddable":true,"href":"https:\/\/www.exploring-umbria.com\/de\/wp-json\/wp\/v2\/comments?post=27282"}],"version-history":[{"count":2,"href":"https:\/\/www.exploring-umbria.com\/de\/wp-json\/wp\/v2\/pages\/27282\/revisions"}],"predecessor-version":[{"id":27284,"href":"https:\/\/www.exploring-umbria.com\/de\/wp-json\/wp\/v2\/pages\/27282\/revisions\/27284"}],"up":[{"embeddable":true,"href":"https:\/\/www.exploring-umbria.com\/de\/wp-json\/wp\/v2\/pages\/27214"}],"wp:featuredmedia":[{"embeddable":true,"href":"https:\/\/www.exploring-umbria.com\/de\/wp-json\/wp\/v2\/media\/17290"}],"wp:attachment":[{"href":"https:\/\/www.exploring-umbria.com\/de\/wp-json\/wp\/v2\/media?parent=27282"}],"curies":[{"name":"wp","href":"https:\/\/api.w.org\/{rel}","templated":true}]}}