{"id":27240,"date":"2019-05-02T18:56:24","date_gmt":"2019-05-02T16:56:24","guid":{"rendered":"https:\/\/www.exploring-umbria.com\/parks-und-seen\/parco-nazionale-dei-monti-sibillini\/"},"modified":"2020-03-05T18:43:39","modified_gmt":"2020-03-05T17:43:39","slug":"nationalpark-monti-sibillini","status":"publish","type":"page","link":"https:\/\/www.exploring-umbria.com\/de\/parks-und-seen\/nationalpark-monti-sibillini\/","title":{"rendered":"Nationalpark Monti Sibillini"},"content":{"rendered":"<p>Einer der interessantesten Parks in Italien, sowohl aufgrund von Natur, als auch aufgrund von Kultur: die <strong>Sibilla Appenninica<\/strong>, eine alte Bewohnerin des Gebirges Monti Sibillini, sie hat ihre Spuren auf den Wanderwegen, in den Grotten und in der Erinnerung der Bewohner dieses uralten Gebiets hinterlassen. Die Sibyllen waren Nonnen des Gottes Apollo, lebten in Askese in unwegsamem Gebiet, hatten Orakelkraft und besonders unerschrockene und mutige M\u00e4nner riskierten ihr Leben, um die <a href=\"https:\/\/de.wikipedia.org\/wiki\/Sibylle_(Prophetin)\" target=\"_blank\" rel=\"noopener noreferrer\">Sibyllen<\/a> zu erreichen und die richtigen Antworten zu finden. Im Mittelalter nimmt diese Figur einen dunklen und mysteri\u00f6sen Charakter ein, um w\u00e4hrend der Inquisition mit den\u00a0 missg\u00fcnstigen Hexen zusammenzufallen. die <strong>Feen<\/strong> der Sibylle, wundersch\u00f6ne und treue Dienerinnen mit Ziegenf\u00fc\u00dfen, verlassen nachts ihr Zuhause und erreichen die Orte an der R\u00fcckseite des Berges, um jungen Frauen die Kunst des Webens beizubringen oder um junge M\u00e4nner zu verf\u00fchren und anschlie\u00dfend beim ersten Morgengrauen wieder in die Berge zur\u00fcckzukehren.<\/p>\n<p>Die \u00fcppig gr\u00fcnen H\u00e4nge des Nationalpark Monti Sibillini wurden von dieser Legende geformt. Wenn Sie den <a href=\"https:\/\/www.exploring-umbria.com\/de\/subcategories\/wanderungen-und-spaziergaenge\/heading27205\" target=\"_blank\" rel=\"noopener noreferrer\">Spuren<\/a> dieser faszinierenden Legende folgen, werden Sie Wege entlanggehen, Grotten entdecken und l\u00e4ndliche Erinnerungen erfahren, die das Naturerlebnis noch viel sch\u00f6ner machen. Mit \u00fcber 10 Berggipfeln, die h\u00f6her als 2000 Meter sind, beherbergt der Nationalpark Monti Sibillini besonders viele Tierarten, darunter F\u00fcchse, Rehe, echte Adler und Wanderfalken. An den Seen Laghi di Pilato, einem Spiegel aus reinstem Wasser, der im Herzen des Berges Monte Vettore auf einer Seeh\u00f6he von 1.941 Metern versteckt ist, k\u00f6nnen Sie ein besonderes Krustentier beobachten, das Chirocephalus marchesonii. Dabei handelt es sich um eine kleine, rote Garnele, die mit dem Bauch nach oben gerichtet schwimmt. Sie ist sehr klein und daher schwer zu finden, aber Sie sollten sich bem\u00fchen und diese einzigartige Gelegenheit nutzen. Das Chirocephalus ist ein Endemit und sein einziges nat\u00fcrliches Habitat ist weltweit das Wasser in den Seen Laghi di Pilato.<\/p>\n","protected":false},"excerpt":{"rendered":"<p>Einer der interessantesten Parks in Italien, sowohl aufgrund von Natur, als auch aufgrund von Kultur: die Sibilla Appenninica, eine alte Bewohnerin des Gebirges Monti Sibillini, sie hat ihre Spuren auf den Wanderwegen, in den Grotten und in der Erinnerung der Bewohner dieses uralten Gebiets hinterlassen. Die Sibyllen waren Nonnen des Gottes Apollo, lebten in Askese [&hellip;]<\/p>\n","protected":false},"author":3,"featured_media":7166,"parent":27214,"menu_order":0,"comment_status":"closed","ping_status":"closed","template":"","meta":{"om_disable_all_campaigns":false,"_monsterinsights_skip_tracking":false,"_monsterinsights_sitenote_active":false,"_monsterinsights_sitenote_note":"","_monsterinsights_sitenote_category":0},"acf":[],"yoast_head":"<!-- This site is optimized with the Yoast SEO plugin v18.4.1 - https:\/\/yoast.com\/wordpress\/plugins\/seo\/ -->\n<title>Nationalpark Monti Sibillini - Exploring Umbria<\/title>\n<meta name=\"description\" content=\"Mit \u00fcber 10 Berggipfeln, die h\u00f6her als 2.000 Meter sind, beherbergt der Nationalpark Monti Sibillini besonders viele Tierarten, darunter F\u00fcchse, Rehe, Adler\" \/>\n<meta name=\"robots\" content=\"index, follow, max-snippet:-1, max-image-preview:large, max-video-preview:-1\" \/>\n<link rel=\"canonical\" href=\"https:\/\/www.exploring-umbria.com\/de\/parks-und-seen\/nationalpark-monti-sibillini\/\" \/>\n<meta property=\"og:locale\" content=\"de_DE\" \/>\n<meta property=\"og:type\" content=\"article\" \/>\n<meta property=\"og:title\" content=\"Nationalpark Monti Sibillini - Exploring Umbria\" \/>\n<meta property=\"og:description\" content=\"Mit \u00fcber 10 Berggipfeln, die h\u00f6her als 2.000 Meter sind, beherbergt der Nationalpark Monti Sibillini besonders viele Tierarten, darunter F\u00fcchse, Rehe, Adler\" \/>\n<meta property=\"og:url\" content=\"https:\/\/www.exploring-umbria.com\/de\/parks-und-seen\/nationalpark-monti-sibillini\/\" \/>\n<meta property=\"og:site_name\" content=\"Exploring Umbria\" \/>\n<meta property=\"article:publisher\" content=\"https:\/\/www.facebook.com\/exploringumbria\/\" \/>\n<meta property=\"article:modified_time\" content=\"2020-03-05T17:43:39+00:00\" \/>\n<meta property=\"og:image\" content=\"https:\/\/www.exploring-umbria.com\/wp-content\/uploads\/2019\/05\/VETTORE-SIBILLINI-LAGHI-PILATO-9.jpg\" \/>\n\t<meta property=\"og:image:width\" content=\"1350\" \/>\n\t<meta property=\"og:image:height\" content=\"1800\" \/>\n\t<meta property=\"og:image:type\" content=\"image\/jpeg\" \/>\n<meta name=\"twitter:card\" content=\"summary_large_image\" \/>\n<meta name=\"twitter:label1\" content=\"Gesch\u00e4tzte Lesezeit\" \/>\n\t<meta name=\"twitter:data1\" content=\"2\u00a0Minuten\" \/>\n<script type=\"application\/ld+json\" class=\"yoast-schema-graph\">{\"@context\":\"https:\/\/schema.org\",\"@graph\":[{\"@type\":\"Organization\",\"@id\":\"https:\/\/www.exploring-umbria.com\/de\/#organization\",\"name\":\"Exploring Umbria\",\"url\":\"https:\/\/www.exploring-umbria.com\/de\/\",\"sameAs\":[\"https:\/\/www.facebook.com\/exploringumbria\/\",\"https:\/\/www.instagram.com\/exploringumbria\/\"],\"logo\":{\"@type\":\"ImageObject\",\"@id\":\"https:\/\/www.exploring-umbria.com\/de\/#logo\",\"inLanguage\":\"de\",\"url\":\"https:\/\/www.exploring-umbria.com\/wp-content\/uploads\/2019\/08\/solo-logo-verde.jpg\",\"contentUrl\":\"https:\/\/www.exploring-umbria.com\/wp-content\/uploads\/2019\/08\/solo-logo-verde.jpg\",\"width\":952,\"height\":532,\"caption\":\"Exploring Umbria\"},\"image\":{\"@id\":\"https:\/\/www.exploring-umbria.com\/de\/#logo\"}},{\"@type\":\"WebSite\",\"@id\":\"https:\/\/www.exploring-umbria.com\/de\/#website\",\"url\":\"https:\/\/www.exploring-umbria.com\/de\/\",\"name\":\"Exploring Umbria\",\"description\":\"your dates, your mood, your trip\",\"publisher\":{\"@id\":\"https:\/\/www.exploring-umbria.com\/de\/#organization\"},\"potentialAction\":[{\"@type\":\"SearchAction\",\"target\":{\"@type\":\"EntryPoint\",\"urlTemplate\":\"https:\/\/www.exploring-umbria.com\/de\/?s={search_term_string}\"},\"query-input\":\"required name=search_term_string\"}],\"inLanguage\":\"de\"},{\"@type\":\"ImageObject\",\"@id\":\"https:\/\/www.exploring-umbria.com\/de\/parks-und-seen\/nationalpark-monti-sibillini\/#primaryimage\",\"inLanguage\":\"de\",\"url\":\"https:\/\/www.exploring-umbria.com\/wp-content\/uploads\/2019\/05\/VETTORE-SIBILLINI-LAGHI-PILATO-9.jpg\",\"contentUrl\":\"https:\/\/www.exploring-umbria.com\/wp-content\/uploads\/2019\/05\/VETTORE-SIBILLINI-LAGHI-PILATO-9.jpg\",\"width\":1350,\"height\":1800,\"caption\":\"Parco dei monti sibillini\"},{\"@type\":\"WebPage\",\"@id\":\"https:\/\/www.exploring-umbria.com\/de\/parks-und-seen\/nationalpark-monti-sibillini\/#webpage\",\"url\":\"https:\/\/www.exploring-umbria.com\/de\/parks-und-seen\/nationalpark-monti-sibillini\/\",\"name\":\"Nationalpark Monti Sibillini - Exploring Umbria\",\"isPartOf\":{\"@id\":\"https:\/\/www.exploring-umbria.com\/de\/#website\"},\"primaryImageOfPage\":{\"@id\":\"https:\/\/www.exploring-umbria.com\/de\/parks-und-seen\/nationalpark-monti-sibillini\/#primaryimage\"},\"datePublished\":\"2019-05-02T16:56:24+00:00\",\"dateModified\":\"2020-03-05T17:43:39+00:00\",\"description\":\"Mit \u00fcber 10 Berggipfeln, die h\u00f6her als 2.000 Meter sind, beherbergt der Nationalpark Monti Sibillini besonders viele Tierarten, darunter F\u00fcchse, Rehe, Adler\",\"breadcrumb\":{\"@id\":\"https:\/\/www.exploring-umbria.com\/de\/parks-und-seen\/nationalpark-monti-sibillini\/#breadcrumb\"},\"inLanguage\":\"de\",\"potentialAction\":[{\"@type\":\"ReadAction\",\"target\":[\"https:\/\/www.exploring-umbria.com\/de\/parks-und-seen\/nationalpark-monti-sibillini\/\"]}]},{\"@type\":\"BreadcrumbList\",\"@id\":\"https:\/\/www.exploring-umbria.com\/de\/parks-und-seen\/nationalpark-monti-sibillini\/#breadcrumb\",\"itemListElement\":[{\"@type\":\"ListItem\",\"position\":1,\"name\":\"Home\",\"item\":\"https:\/\/www.exploring-umbria.com\/de\/\"},{\"@type\":\"ListItem\",\"position\":2,\"name\":\"Parks und Seen\",\"item\":\"https:\/\/www.exploring-umbria.com\/de\/parks-und-seen\/\"},{\"@type\":\"ListItem\",\"position\":3,\"name\":\"Nationalpark Monti Sibillini\"}]}]}<\/script>\n<!-- \/ Yoast SEO plugin. -->","yoast_head_json":{"title":"Nationalpark Monti Sibillini - Exploring Umbria","description":"Mit \u00fcber 10 Berggipfeln, die h\u00f6her als 2.000 Meter sind, beherbergt der Nationalpark Monti Sibillini besonders viele Tierarten, darunter F\u00fcchse, Rehe, Adler","robots":{"index":"index","follow":"follow","max-snippet":"max-snippet:-1","max-image-preview":"max-image-preview:large","max-video-preview":"max-video-preview:-1"},"canonical":"https:\/\/www.exploring-umbria.com\/de\/parks-und-seen\/nationalpark-monti-sibillini\/","og_locale":"de_DE","og_type":"article","og_title":"Nationalpark Monti Sibillini - Exploring Umbria","og_description":"Mit \u00fcber 10 Berggipfeln, die h\u00f6her als 2.000 Meter sind, beherbergt der Nationalpark Monti Sibillini besonders viele Tierarten, darunter F\u00fcchse, Rehe, Adler","og_url":"https:\/\/www.exploring-umbria.com\/de\/parks-und-seen\/nationalpark-monti-sibillini\/","og_site_name":"Exploring Umbria","article_publisher":"https:\/\/www.facebook.com\/exploringumbria\/","article_modified_time":"2020-03-05T17:43:39+00:00","og_image":[{"width":1350,"height":1800,"url":"https:\/\/www.exploring-umbria.com\/wp-content\/uploads\/2019\/05\/VETTORE-SIBILLINI-LAGHI-PILATO-9.jpg","type":"image\/jpeg"}],"twitter_card":"summary_large_image","twitter_misc":{"Gesch\u00e4tzte Lesezeit":"2\u00a0Minuten"},"schema":{"@context":"https:\/\/schema.org","@graph":[{"@type":"Organization","@id":"https:\/\/www.exploring-umbria.com\/de\/#organization","name":"Exploring Umbria","url":"https:\/\/www.exploring-umbria.com\/de\/","sameAs":["https:\/\/www.facebook.com\/exploringumbria\/","https:\/\/www.instagram.com\/exploringumbria\/"],"logo":{"@type":"ImageObject","@id":"https:\/\/www.exploring-umbria.com\/de\/#logo","inLanguage":"de","url":"https:\/\/www.exploring-umbria.com\/wp-content\/uploads\/2019\/08\/solo-logo-verde.jpg","contentUrl":"https:\/\/www.exploring-umbria.com\/wp-content\/uploads\/2019\/08\/solo-logo-verde.jpg","width":952,"height":532,"caption":"Exploring Umbria"},"image":{"@id":"https:\/\/www.exploring-umbria.com\/de\/#logo"}},{"@type":"WebSite","@id":"https:\/\/www.exploring-umbria.com\/de\/#website","url":"https:\/\/www.exploring-umbria.com\/de\/","name":"Exploring Umbria","description":"your dates, your mood, your trip","publisher":{"@id":"https:\/\/www.exploring-umbria.com\/de\/#organization"},"potentialAction":[{"@type":"SearchAction","target":{"@type":"EntryPoint","urlTemplate":"https:\/\/www.exploring-umbria.com\/de\/?s={search_term_string}"},"query-input":"required name=search_term_string"}],"inLanguage":"de"},{"@type":"ImageObject","@id":"https:\/\/www.exploring-umbria.com\/de\/parks-und-seen\/nationalpark-monti-sibillini\/#primaryimage","inLanguage":"de","url":"https:\/\/www.exploring-umbria.com\/wp-content\/uploads\/2019\/05\/VETTORE-SIBILLINI-LAGHI-PILATO-9.jpg","contentUrl":"https:\/\/www.exploring-umbria.com\/wp-content\/uploads\/2019\/05\/VETTORE-SIBILLINI-LAGHI-PILATO-9.jpg","width":1350,"height":1800,"caption":"Parco dei monti sibillini"},{"@type":"WebPage","@id":"https:\/\/www.exploring-umbria.com\/de\/parks-und-seen\/nationalpark-monti-sibillini\/#webpage","url":"https:\/\/www.exploring-umbria.com\/de\/parks-und-seen\/nationalpark-monti-sibillini\/","name":"Nationalpark Monti Sibillini - Exploring Umbria","isPartOf":{"@id":"https:\/\/www.exploring-umbria.com\/de\/#website"},"primaryImageOfPage":{"@id":"https:\/\/www.exploring-umbria.com\/de\/parks-und-seen\/nationalpark-monti-sibillini\/#primaryimage"},"datePublished":"2019-05-02T16:56:24+00:00","dateModified":"2020-03-05T17:43:39+00:00","description":"Mit \u00fcber 10 Berggipfeln, die h\u00f6her als 2.000 Meter sind, beherbergt der Nationalpark Monti Sibillini besonders viele Tierarten, darunter F\u00fcchse, Rehe, Adler","breadcrumb":{"@id":"https:\/\/www.exploring-umbria.com\/de\/parks-und-seen\/nationalpark-monti-sibillini\/#breadcrumb"},"inLanguage":"de","potentialAction":[{"@type":"ReadAction","target":["https:\/\/www.exploring-umbria.com\/de\/parks-und-seen\/nationalpark-monti-sibillini\/"]}]},{"@type":"BreadcrumbList","@id":"https:\/\/www.exploring-umbria.com\/de\/parks-und-seen\/nationalpark-monti-sibillini\/#breadcrumb","itemListElement":[{"@type":"ListItem","position":1,"name":"Home","item":"https:\/\/www.exploring-umbria.com\/de\/"},{"@type":"ListItem","position":2,"name":"Parks und Seen","item":"https:\/\/www.exploring-umbria.com\/de\/parks-und-seen\/"},{"@type":"ListItem","position":3,"name":"Nationalpark Monti Sibillini"}]}]}},"_links":{"self":[{"href":"https:\/\/www.exploring-umbria.com\/de\/wp-json\/wp\/v2\/pages\/27240"}],"collection":[{"href":"https:\/\/www.exploring-umbria.com\/de\/wp-json\/wp\/v2\/pages"}],"about":[{"href":"https:\/\/www.exploring-umbria.com\/de\/wp-json\/wp\/v2\/types\/page"}],"author":[{"embeddable":true,"href":"https:\/\/www.exploring-umbria.com\/de\/wp-json\/wp\/v2\/users\/3"}],"replies":[{"embeddable":true,"href":"https:\/\/www.exploring-umbria.com\/de\/wp-json\/wp\/v2\/comments?post=27240"}],"version-history":[{"count":4,"href":"https:\/\/www.exploring-umbria.com\/de\/wp-json\/wp\/v2\/pages\/27240\/revisions"}],"predecessor-version":[{"id":31890,"href":"https:\/\/www.exploring-umbria.com\/de\/wp-json\/wp\/v2\/pages\/27240\/revisions\/31890"}],"up":[{"embeddable":true,"href":"https:\/\/www.exploring-umbria.com\/de\/wp-json\/wp\/v2\/pages\/27214"}],"wp:featuredmedia":[{"embeddable":true,"href":"https:\/\/www.exploring-umbria.com\/de\/wp-json\/wp\/v2\/media\/7166"}],"wp:attachment":[{"href":"https:\/\/www.exploring-umbria.com\/de\/wp-json\/wp\/v2\/media?parent=27240"}],"curies":[{"name":"wp","href":"https:\/\/api.w.org\/{rel}","templated":true}]}}