{"id":27214,"date":"2019-04-13T18:24:19","date_gmt":"2019-04-13T16:24:19","guid":{"rendered":"https:\/\/www.exploring-umbria.com\/parchi-e-laghi\/"},"modified":"2020-03-04T20:11:36","modified_gmt":"2020-03-04T19:11:36","slug":"parks-und-seen","status":"publish","type":"page","link":"https:\/\/www.exploring-umbria.com\/de\/parks-und-seen\/","title":{"rendered":"Parks und Seen"},"content":{"rendered":"<p>Die frische Brise, die unseren K\u00f6rper mit Sauerstoff versorgt und st\u00e4rkt, die W\u00e4rme der Sonne, die unser Gesicht liebkost, der Duft von Holz und Harz, der mit den Fruchtnoten der Blumen verschmilzt, die weiche Erde unter unseren Schuhen, die uns beim Gehen st\u00fctzt, und der Geist, der in der Landschaft versunken ist, die die Augen so weit wie m\u00f6glich beobachten. Das sind die Gef\u00fchle, wenn wir uns mitten in der Natur und in Kontakt mit ihr befinden. Umbrien ist in aller Welt als das gr\u00fcne Herz Italiens bekannt. Der Grund daf\u00fcr ist klar: die besonders vielen Naturparks sowie die heterogene Landschaft. Ausgehend vom Hochgebirge mit fast 2.500 Metern Seeh\u00f6he am Berg <a href=\"https:\/\/de.wikipedia.org\/wiki\/Monte_Vettore\" target=\"_blank\" rel=\"noopener noreferrer\">Monte Vettore<\/a> im Nationalpark Monti Sibillini, den unsere Region mit den nahegelegenen Marken teilt, bis hin zu den Naturparks an den Fl\u00fcssen, wie etwa am Fluss Nera oder am Tiber, die \u00fcber ihre gesamte L\u00e4nge entdeckt werden k\u00f6nnen und zauberhafte, unber\u00fchrte Oasen zwischen ihren Flussschleifen beherbergen. Die Diversit\u00e4t der Landschaften versetzt uns weiter in Erstaunen, wenn wir an die zahlreichen Seen mit ihren verschiedenartigen \u00d6kosystemen in der Gegend denken, von denen einige sogar als Badeseen genutzt werden k\u00f6nnen. Das Angebot ist abwechslungsreich und wird durch ein enges Netz an <a href=\"https:\/\/www.exploring-umbria.com\/de\/subcategories\/wanderungen-und-spaziergaenge\/heading27205\"><strong>Wanderwegen und Pfaden<\/strong><\/a> abgerundet, die auf sichere Weise zur\u00fcckgelegt werden k\u00f6nnen, um Gef\u00fchle zu versp\u00fcren, die Sie sich in diesem Moment vor Ihrem Bildschirm nicht vorstellen k\u00f6nnen.<\/p>\n","protected":false},"excerpt":{"rendered":"<p>Die frische Brise, die unseren K\u00f6rper mit Sauerstoff versorgt und st\u00e4rkt, die W\u00e4rme der Sonne, die unser Gesicht liebkost, der Duft von Holz und Harz, der mit den Fruchtnoten der Blumen verschmilzt, die weiche Erde unter unseren Schuhen, die uns beim Gehen st\u00fctzt, und der Geist, der in der Landschaft versunken ist, die die Augen [&hellip;]<\/p>\n","protected":false},"author":4,"featured_media":4989,"parent":0,"menu_order":0,"comment_status":"closed","ping_status":"closed","template":"","meta":{"om_disable_all_campaigns":false,"_monsterinsights_skip_tracking":false,"_monsterinsights_sitenote_active":false,"_monsterinsights_sitenote_note":"","_monsterinsights_sitenote_category":0},"acf":[],"yoast_head":"<!-- This site is optimized with the Yoast SEO plugin v18.4.1 - https:\/\/yoast.com\/wordpress\/plugins\/seo\/ -->\n<title>Parks und Seen - Exploring Umbria<\/title>\n<meta name=\"description\" content=\"Die frische Brise, die unseren K\u00f6rper mit Sauerstoff versorgt und st\u00e4rkt, die W\u00e4rme der Sonne, die unser Gesicht liebkost, der Duft von Holz und Harz, der\" \/>\n<meta name=\"robots\" content=\"index, follow, max-snippet:-1, max-image-preview:large, max-video-preview:-1\" \/>\n<link rel=\"canonical\" href=\"https:\/\/www.exploring-umbria.com\/de\/parks-und-seen\/\" \/>\n<meta property=\"og:locale\" content=\"de_DE\" \/>\n<meta property=\"og:type\" content=\"article\" \/>\n<meta property=\"og:title\" content=\"Parks und Seen - Exploring Umbria\" \/>\n<meta property=\"og:description\" content=\"Die frische Brise, die unseren K\u00f6rper mit Sauerstoff versorgt und st\u00e4rkt, die W\u00e4rme der Sonne, die unser Gesicht liebkost, der Duft von Holz und Harz, der\" \/>\n<meta property=\"og:url\" content=\"https:\/\/www.exploring-umbria.com\/de\/parks-und-seen\/\" \/>\n<meta property=\"og:site_name\" content=\"Exploring Umbria\" \/>\n<meta property=\"article:publisher\" content=\"https:\/\/www.facebook.com\/exploringumbria\/\" \/>\n<meta property=\"article:modified_time\" content=\"2020-03-04T19:11:36+00:00\" \/>\n<meta property=\"og:image\" content=\"https:\/\/www.exploring-umbria.com\/wp-content\/uploads\/2019\/04\/LAGO-DI-PIEDILUCO.jpg\" \/>\n\t<meta property=\"og:image:width\" content=\"1800\" \/>\n\t<meta property=\"og:image:height\" content=\"1262\" \/>\n\t<meta property=\"og:image:type\" content=\"image\/jpeg\" \/>\n<meta name=\"twitter:card\" content=\"summary_large_image\" \/>\n<meta name=\"twitter:label1\" content=\"Gesch\u00e4tzte Lesezeit\" \/>\n\t<meta name=\"twitter:data1\" content=\"1\u00a0Minute\" \/>\n<script type=\"application\/ld+json\" class=\"yoast-schema-graph\">{\"@context\":\"https:\/\/schema.org\",\"@graph\":[{\"@type\":\"Organization\",\"@id\":\"https:\/\/www.exploring-umbria.com\/de\/#organization\",\"name\":\"Exploring Umbria\",\"url\":\"https:\/\/www.exploring-umbria.com\/de\/\",\"sameAs\":[\"https:\/\/www.facebook.com\/exploringumbria\/\",\"https:\/\/www.instagram.com\/exploringumbria\/\"],\"logo\":{\"@type\":\"ImageObject\",\"@id\":\"https:\/\/www.exploring-umbria.com\/de\/#logo\",\"inLanguage\":\"de\",\"url\":\"https:\/\/www.exploring-umbria.com\/wp-content\/uploads\/2019\/08\/solo-logo-verde.jpg\",\"contentUrl\":\"https:\/\/www.exploring-umbria.com\/wp-content\/uploads\/2019\/08\/solo-logo-verde.jpg\",\"width\":952,\"height\":532,\"caption\":\"Exploring Umbria\"},\"image\":{\"@id\":\"https:\/\/www.exploring-umbria.com\/de\/#logo\"}},{\"@type\":\"WebSite\",\"@id\":\"https:\/\/www.exploring-umbria.com\/de\/#website\",\"url\":\"https:\/\/www.exploring-umbria.com\/de\/\",\"name\":\"Exploring Umbria\",\"description\":\"your dates, your mood, your trip\",\"publisher\":{\"@id\":\"https:\/\/www.exploring-umbria.com\/de\/#organization\"},\"potentialAction\":[{\"@type\":\"SearchAction\",\"target\":{\"@type\":\"EntryPoint\",\"urlTemplate\":\"https:\/\/www.exploring-umbria.com\/de\/?s={search_term_string}\"},\"query-input\":\"required name=search_term_string\"}],\"inLanguage\":\"de\"},{\"@type\":\"ImageObject\",\"@id\":\"https:\/\/www.exploring-umbria.com\/de\/parks-und-seen\/#primaryimage\",\"inLanguage\":\"de\",\"url\":\"https:\/\/www.exploring-umbria.com\/wp-content\/uploads\/2019\/04\/LAGO-DI-PIEDILUCO.jpg\",\"contentUrl\":\"https:\/\/www.exploring-umbria.com\/wp-content\/uploads\/2019\/04\/LAGO-DI-PIEDILUCO.jpg\",\"width\":1800,\"height\":1262,\"caption\":\"\u00a9 Mario Proietti ph.\"},{\"@type\":\"WebPage\",\"@id\":\"https:\/\/www.exploring-umbria.com\/de\/parks-und-seen\/#webpage\",\"url\":\"https:\/\/www.exploring-umbria.com\/de\/parks-und-seen\/\",\"name\":\"Parks und Seen - Exploring Umbria\",\"isPartOf\":{\"@id\":\"https:\/\/www.exploring-umbria.com\/de\/#website\"},\"primaryImageOfPage\":{\"@id\":\"https:\/\/www.exploring-umbria.com\/de\/parks-und-seen\/#primaryimage\"},\"datePublished\":\"2019-04-13T16:24:19+00:00\",\"dateModified\":\"2020-03-04T19:11:36+00:00\",\"description\":\"Die frische Brise, die unseren K\u00f6rper mit Sauerstoff versorgt und st\u00e4rkt, die W\u00e4rme der Sonne, die unser Gesicht liebkost, der Duft von Holz und Harz, der\",\"breadcrumb\":{\"@id\":\"https:\/\/www.exploring-umbria.com\/de\/parks-und-seen\/#breadcrumb\"},\"inLanguage\":\"de\",\"potentialAction\":[{\"@type\":\"ReadAction\",\"target\":[\"https:\/\/www.exploring-umbria.com\/de\/parks-und-seen\/\"]}]},{\"@type\":\"BreadcrumbList\",\"@id\":\"https:\/\/www.exploring-umbria.com\/de\/parks-und-seen\/#breadcrumb\",\"itemListElement\":[{\"@type\":\"ListItem\",\"position\":1,\"name\":\"Home\",\"item\":\"https:\/\/www.exploring-umbria.com\/de\/\"},{\"@type\":\"ListItem\",\"position\":2,\"name\":\"Parks und Seen\"}]}]}<\/script>\n<!-- \/ Yoast SEO plugin. -->","yoast_head_json":{"title":"Parks und Seen - Exploring Umbria","description":"Die frische Brise, die unseren K\u00f6rper mit Sauerstoff versorgt und st\u00e4rkt, die W\u00e4rme der Sonne, die unser Gesicht liebkost, der Duft von Holz und Harz, der","robots":{"index":"index","follow":"follow","max-snippet":"max-snippet:-1","max-image-preview":"max-image-preview:large","max-video-preview":"max-video-preview:-1"},"canonical":"https:\/\/www.exploring-umbria.com\/de\/parks-und-seen\/","og_locale":"de_DE","og_type":"article","og_title":"Parks und Seen - Exploring Umbria","og_description":"Die frische Brise, die unseren K\u00f6rper mit Sauerstoff versorgt und st\u00e4rkt, die W\u00e4rme der Sonne, die unser Gesicht liebkost, der Duft von Holz und Harz, der","og_url":"https:\/\/www.exploring-umbria.com\/de\/parks-und-seen\/","og_site_name":"Exploring Umbria","article_publisher":"https:\/\/www.facebook.com\/exploringumbria\/","article_modified_time":"2020-03-04T19:11:36+00:00","og_image":[{"width":1800,"height":1262,"url":"https:\/\/www.exploring-umbria.com\/wp-content\/uploads\/2019\/04\/LAGO-DI-PIEDILUCO.jpg","type":"image\/jpeg"}],"twitter_card":"summary_large_image","twitter_misc":{"Gesch\u00e4tzte Lesezeit":"1\u00a0Minute"},"schema":{"@context":"https:\/\/schema.org","@graph":[{"@type":"Organization","@id":"https:\/\/www.exploring-umbria.com\/de\/#organization","name":"Exploring Umbria","url":"https:\/\/www.exploring-umbria.com\/de\/","sameAs":["https:\/\/www.facebook.com\/exploringumbria\/","https:\/\/www.instagram.com\/exploringumbria\/"],"logo":{"@type":"ImageObject","@id":"https:\/\/www.exploring-umbria.com\/de\/#logo","inLanguage":"de","url":"https:\/\/www.exploring-umbria.com\/wp-content\/uploads\/2019\/08\/solo-logo-verde.jpg","contentUrl":"https:\/\/www.exploring-umbria.com\/wp-content\/uploads\/2019\/08\/solo-logo-verde.jpg","width":952,"height":532,"caption":"Exploring Umbria"},"image":{"@id":"https:\/\/www.exploring-umbria.com\/de\/#logo"}},{"@type":"WebSite","@id":"https:\/\/www.exploring-umbria.com\/de\/#website","url":"https:\/\/www.exploring-umbria.com\/de\/","name":"Exploring Umbria","description":"your dates, your mood, your trip","publisher":{"@id":"https:\/\/www.exploring-umbria.com\/de\/#organization"},"potentialAction":[{"@type":"SearchAction","target":{"@type":"EntryPoint","urlTemplate":"https:\/\/www.exploring-umbria.com\/de\/?s={search_term_string}"},"query-input":"required name=search_term_string"}],"inLanguage":"de"},{"@type":"ImageObject","@id":"https:\/\/www.exploring-umbria.com\/de\/parks-und-seen\/#primaryimage","inLanguage":"de","url":"https:\/\/www.exploring-umbria.com\/wp-content\/uploads\/2019\/04\/LAGO-DI-PIEDILUCO.jpg","contentUrl":"https:\/\/www.exploring-umbria.com\/wp-content\/uploads\/2019\/04\/LAGO-DI-PIEDILUCO.jpg","width":1800,"height":1262,"caption":"\u00a9 Mario Proietti ph."},{"@type":"WebPage","@id":"https:\/\/www.exploring-umbria.com\/de\/parks-und-seen\/#webpage","url":"https:\/\/www.exploring-umbria.com\/de\/parks-und-seen\/","name":"Parks und Seen - Exploring Umbria","isPartOf":{"@id":"https:\/\/www.exploring-umbria.com\/de\/#website"},"primaryImageOfPage":{"@id":"https:\/\/www.exploring-umbria.com\/de\/parks-und-seen\/#primaryimage"},"datePublished":"2019-04-13T16:24:19+00:00","dateModified":"2020-03-04T19:11:36+00:00","description":"Die frische Brise, die unseren K\u00f6rper mit Sauerstoff versorgt und st\u00e4rkt, die W\u00e4rme der Sonne, die unser Gesicht liebkost, der Duft von Holz und Harz, der","breadcrumb":{"@id":"https:\/\/www.exploring-umbria.com\/de\/parks-und-seen\/#breadcrumb"},"inLanguage":"de","potentialAction":[{"@type":"ReadAction","target":["https:\/\/www.exploring-umbria.com\/de\/parks-und-seen\/"]}]},{"@type":"BreadcrumbList","@id":"https:\/\/www.exploring-umbria.com\/de\/parks-und-seen\/#breadcrumb","itemListElement":[{"@type":"ListItem","position":1,"name":"Home","item":"https:\/\/www.exploring-umbria.com\/de\/"},{"@type":"ListItem","position":2,"name":"Parks und Seen"}]}]}},"_links":{"self":[{"href":"https:\/\/www.exploring-umbria.com\/de\/wp-json\/wp\/v2\/pages\/27214"}],"collection":[{"href":"https:\/\/www.exploring-umbria.com\/de\/wp-json\/wp\/v2\/pages"}],"about":[{"href":"https:\/\/www.exploring-umbria.com\/de\/wp-json\/wp\/v2\/types\/page"}],"author":[{"embeddable":true,"href":"https:\/\/www.exploring-umbria.com\/de\/wp-json\/wp\/v2\/users\/4"}],"replies":[{"embeddable":true,"href":"https:\/\/www.exploring-umbria.com\/de\/wp-json\/wp\/v2\/comments?post=27214"}],"version-history":[{"count":4,"href":"https:\/\/www.exploring-umbria.com\/de\/wp-json\/wp\/v2\/pages\/27214\/revisions"}],"predecessor-version":[{"id":31857,"href":"https:\/\/www.exploring-umbria.com\/de\/wp-json\/wp\/v2\/pages\/27214\/revisions\/31857"}],"wp:featuredmedia":[{"embeddable":true,"href":"https:\/\/www.exploring-umbria.com\/de\/wp-json\/wp\/v2\/media\/4989"}],"wp:attachment":[{"href":"https:\/\/www.exploring-umbria.com\/de\/wp-json\/wp\/v2\/media?parent=27214"}],"curies":[{"name":"wp","href":"https:\/\/api.w.org\/{rel}","templated":true}]}}